{"id":18104,"date":"2025-07-30T14:38:01","date_gmt":"2025-07-30T12:38:01","guid":{"rendered":"https:\/\/cortelazzi.sk\/vyrobky-la-rosa-dei-gusti\/riso-e-pasta\/"},"modified":"2025-07-30T17:24:02","modified_gmt":"2025-07-30T15:24:02","slug":"ryza-a-cestoviny","status":"publish","type":"page","link":"https:\/\/cortelazzi.sk\/sk\/vyrobky-la-rosa-dei-gusti\/ryza-a-cestoviny\/","title":{"rendered":"Ry\u017ea a cestoviny &#8211; La Rosa dei gusti"},"content":{"rendered":"\t\t<div data-elementor-type=\"wp-page\" data-elementor-id=\"18104\" class=\"elementor elementor-18104 elementor-17871\">\n\t\t\t\t\t\t<section class=\"elementor-section elementor-top-section elementor-element elementor-element-529637e9 elementor-section-full_width elementor-section-height-min-height elementor-section-height-default elementor-section-items-middle\" data-id=\"529637e9\" data-element_type=\"section\" data-settings=\"{&quot;background_background&quot;:&quot;classic&quot;}\">\n\t\t\t\t\t\t<div class=\"elementor-container elementor-column-gap-default\">\n\t\t\t\t\t<div class=\"elementor-column elementor-col-100 elementor-top-column elementor-element elementor-element-6b0bf3a3\" data-id=\"6b0bf3a3\" data-element_type=\"column\">\n\t\t\t<div class=\"elementor-widget-wrap elementor-element-populated\">\n\t\t\t\t\t\t<div class=\"elementor-element elementor-element-361167e rockbold elementor-widget elementor-widget-heading\" data-id=\"361167e\" data-element_type=\"widget\" data-widget_type=\"heading.default\">\n\t\t\t\t<div class=\"elementor-widget-container\">\n\t\t\t\t\t<h1 class=\"elementor-heading-title elementor-size-default\">Ry\u017ea a cestoviny<\/h1>\t\t\t\t<\/div>\n\t\t\t\t<\/div>\n\t\t\t\t<div class=\"elementor-element elementor-element-6f3e6bbf elementor-widget__width-auto elementor-absolute elementor-hidden-mobile elementor-invisible elementor-widget elementor-widget-image\" data-id=\"6f3e6bbf\" data-element_type=\"widget\" data-settings=\"{&quot;_position&quot;:&quot;absolute&quot;,&quot;_animation&quot;:&quot;fadeIn&quot;,&quot;_animation_delay&quot;:100}\" data-widget_type=\"image.default\">\n\t\t\t\t<div class=\"elementor-widget-container\">\n\t\t\t\t\t\t\t\t\t\t\t\t\t\t\t<img decoding=\"async\" width=\"150\" height=\"150\" src=\"https:\/\/cortelazzi.sk\/wp-content\/uploads\/2025\/05\/marchio-la-rosa-del-gusto.svg\" class=\"attachment-thumbnail size-thumbnail wp-image-16833\" alt=\"\" \/>\t\t\t\t\t\t\t\t\t\t\t\t\t\t\t<\/div>\n\t\t\t\t<\/div>\n\t\t\t\t\t<\/div>\n\t\t<\/div>\n\t\t\t\t\t<\/div>\n\t\t<\/section>\n\t\t\t\t<section class=\"elementor-section elementor-top-section elementor-element elementor-element-4ae7c595 elementor-section-boxed elementor-section-height-default elementor-section-height-default\" data-id=\"4ae7c595\" data-element_type=\"section\" data-settings=\"{&quot;background_background&quot;:&quot;classic&quot;}\">\n\t\t\t\t\t\t<div class=\"elementor-container elementor-column-gap-default\">\n\t\t\t\t\t<div class=\"elementor-column elementor-col-100 elementor-top-column elementor-element elementor-element-43448f7\" data-id=\"43448f7\" data-element_type=\"column\">\n\t\t\t<div class=\"elementor-widget-wrap elementor-element-populated\">\n\t\t\t\t\t\t<div class=\"elementor-element elementor-element-b8fd7b6 fontbig elementor-widget elementor-widget-heading\" data-id=\"b8fd7b6\" data-element_type=\"widget\" data-widget_type=\"heading.default\">\n\t\t\t\t<div class=\"elementor-widget-container\">\n\t\t\t\t\t<h2 class=\"elementor-heading-title elementor-size-default\">Talianska trad\u00edcia pri stole<\/h2>\t\t\t\t<\/div>\n\t\t\t\t<\/div>\n\t\t\t\t<div class=\"elementor-element elementor-element-6a782fcd elementor-widget__width-initial elementor-widget elementor-widget-text-editor\" data-id=\"6a782fcd\" data-element_type=\"widget\" data-widget_type=\"text-editor.default\">\n\t\t\t\t<div class=\"elementor-widget-container\">\n\t\t\t\t\t\t\t\t\t<p>Ak h\u013ead\u00e1te <strong>ry\u017eu a cestoviny<\/strong> najvy\u0161\u0161ej kvality, symbol talianskej kuchyne, zverte sa rade La Rosa dei Gusti od Cortelazzi.<br \/>Vybran\u00e9 suroviny a starostliv\u00e9 spracovanie zaru\u010duj\u00fa dokonal\u00fa chu\u0165 a konzistenciu pri varen\u00ed. Pre <strong>autentick\u00e9 a chutn\u00e9 jedl\u00e1<\/strong> ka\u017ed\u00fd de\u0148 na va\u0161om stole.<\/p>\t\t\t\t\t\t\t\t<\/div>\n\t\t\t\t<\/div>\n\t\t\t\t\t<\/div>\n\t\t<\/div>\n\t\t\t\t\t<\/div>\n\t\t<\/section>\n\t\t\t\t<section class=\"elementor-section elementor-top-section elementor-element elementor-element-5d0c1196 categorie-rdg elementor-section-boxed elementor-section-height-default elementor-section-height-default\" data-id=\"5d0c1196\" data-element_type=\"section\" data-settings=\"{&quot;background_background&quot;:&quot;classic&quot;}\">\n\t\t\t\t\t\t<div class=\"elementor-container elementor-column-gap-default\">\n\t\t\t\t\t<div class=\"elementor-column elementor-col-100 elementor-top-column elementor-element elementor-element-3b405dc5\" data-id=\"3b405dc5\" data-element_type=\"column\">\n\t\t\t<div class=\"elementor-widget-wrap elementor-element-populated\">\n\t\t\t\t\t\t<div class=\"elementor-element elementor-element-db178f6 gallery-spacing-custom elementor-hidden-mobile elementor-widget elementor-widget-image-gallery\" data-id=\"db178f6\" data-element_type=\"widget\" data-widget_type=\"image-gallery.default\">\n\t\t\t\t<div class=\"elementor-widget-container\">\n\t\t\t\t\t\t\t<div class=\"elementor-image-gallery\">\n\t\t\t<div id='gallery-1' class='gallery galleryid-18104 gallery-columns-2 gallery-size-medium'><figure class='gallery-item'>\n\t\t\t<div class='gallery-icon landscape'>\n\t\t\t\t<a data-elementor-open-lightbox=\"yes\" data-elementor-lightbox-slideshow=\"db178f6\" data-elementor-lightbox-title=\"Chitarrine-Artigianali-allUovo.jpg\" data-e-action-hash=\"#elementor-action%3Aaction%3Dlightbox%26settings%3DeyJpZCI6MTc4NzYsInVybCI6Imh0dHBzOlwvXC9jb3J0ZWxhenppLnNrXC93cC1jb250ZW50XC91cGxvYWRzXC8yMDI1XC8wN1wvQ2hpdGFycmluZS1BcnRpZ2lhbmFsaS1hbGxVb3ZvLmpwZyIsInNsaWRlc2hvdyI6ImRiMTc4ZjYifQ%3D%3D\" href='https:\/\/cortelazzi.sk\/wp-content\/uploads\/2025\/07\/Chitarrine-Artigianali-allUovo.jpg'><img fetchpriority=\"high\" decoding=\"async\" width=\"300\" height=\"300\" src=\"https:\/\/cortelazzi.sk\/wp-content\/uploads\/2025\/07\/Chitarrine-Artigianali-allUovo-300x300.jpg\" class=\"attachment-medium size-medium\" alt=\"\" aria-describedby=\"gallery-1-17876\" srcset=\"https:\/\/cortelazzi.sk\/wp-content\/uploads\/2025\/07\/Chitarrine-Artigianali-allUovo-300x300.jpg 300w, https:\/\/cortelazzi.sk\/wp-content\/uploads\/2025\/07\/Chitarrine-Artigianali-allUovo-150x150.jpg 150w, https:\/\/cortelazzi.sk\/wp-content\/uploads\/2025\/07\/Chitarrine-Artigianali-allUovo-100x100.jpg 100w, https:\/\/cortelazzi.sk\/wp-content\/uploads\/2025\/07\/Chitarrine-Artigianali-allUovo.jpg 500w\" sizes=\"(max-width: 300px) 100vw, 300px\" \/><\/a>\n\t\t\t<\/div>\n\t\t\t\t<figcaption class='wp-caption-text gallery-caption' id='gallery-1-17876'>\n\t\t\t\tChitarrine Artigianali all&#8217;Uovo 250g\n\t\t\t\t<\/figcaption><\/figure><figure class='gallery-item'>\n\t\t\t<div class='gallery-icon landscape'>\n\t\t\t\t<a data-elementor-open-lightbox=\"yes\" data-elementor-lightbox-slideshow=\"db178f6\" data-elementor-lightbox-title=\"Rustiche-Integrali-250g.jpg\" data-e-action-hash=\"#elementor-action%3Aaction%3Dlightbox%26settings%3DeyJpZCI6MTc4NzgsInVybCI6Imh0dHBzOlwvXC9jb3J0ZWxhenppLnNrXC93cC1jb250ZW50XC91cGxvYWRzXC8yMDI1XC8wN1wvUnVzdGljaGUtSW50ZWdyYWxpLTI1MGcuanBnIiwic2xpZGVzaG93IjoiZGIxNzhmNiJ9\" href='https:\/\/cortelazzi.sk\/wp-content\/uploads\/2025\/07\/Rustiche-Integrali-250g.jpg'><img decoding=\"async\" width=\"300\" height=\"300\" src=\"https:\/\/cortelazzi.sk\/wp-content\/uploads\/2025\/07\/Rustiche-Integrali-250g-300x300.jpg\" class=\"attachment-medium size-medium\" alt=\"\" aria-describedby=\"gallery-1-17878\" srcset=\"https:\/\/cortelazzi.sk\/wp-content\/uploads\/2025\/07\/Rustiche-Integrali-250g-300x300.jpg 300w, https:\/\/cortelazzi.sk\/wp-content\/uploads\/2025\/07\/Rustiche-Integrali-250g-150x150.jpg 150w, https:\/\/cortelazzi.sk\/wp-content\/uploads\/2025\/07\/Rustiche-Integrali-250g-100x100.jpg 100w, https:\/\/cortelazzi.sk\/wp-content\/uploads\/2025\/07\/Rustiche-Integrali-250g.jpg 500w\" sizes=\"(max-width: 300px) 100vw, 300px\" \/><\/a>\n\t\t\t<\/div>\n\t\t\t\t<figcaption class='wp-caption-text gallery-caption' id='gallery-1-17878'>\n\t\t\t\tRustiche Integrali 250g\n\t\t\t\t<\/figcaption><\/figure>\n\t\t<\/div>\n\t\t<\/div>\n\t\t\t\t\t\t<\/div>\n\t\t\t\t<\/div>\n\t\t\t\t\t<\/div>\n\t\t<\/div>\n\t\t\t\t\t<\/div>\n\t\t<\/section>\n\t\t\t\t<section class=\"elementor-section elementor-top-section elementor-element elementor-element-4fe10206 elementor-section-boxed elementor-section-height-default elementor-section-height-default\" data-id=\"4fe10206\" data-element_type=\"section\" id=\"dove\" data-settings=\"{&quot;background_background&quot;:&quot;classic&quot;}\">\n\t\t\t\t\t\t<div class=\"elementor-container elementor-column-gap-default\">\n\t\t\t\t\t<div class=\"elementor-column elementor-col-50 elementor-top-column elementor-element elementor-element-5d376aef elementor-invisible\" data-id=\"5d376aef\" data-element_type=\"column\" data-settings=\"{&quot;animation&quot;:&quot;fadeIn&quot;}\">\n\t\t\t<div class=\"elementor-widget-wrap elementor-element-populated\">\n\t\t\t\t\t\t<div class=\"elementor-element elementor-element-27bbfcb6 elementor-invisible elementor-widget elementor-widget-image\" data-id=\"27bbfcb6\" data-element_type=\"widget\" data-settings=\"{&quot;_animation&quot;:&quot;fadeInUp&quot;}\" data-widget_type=\"image.default\">\n\t\t\t\t<div class=\"elementor-widget-container\">\n\t\t\t\t\t\t\t\t\t\t\t\t\t\t\t<img loading=\"lazy\" decoding=\"async\" width=\"536\" height=\"469\" src=\"https:\/\/cortelazzi.sk\/wp-content\/uploads\/2025\/07\/presidente-cortelazzi-vieni-a-trovarci.jpg\" class=\"attachment-full size-full wp-image-17615\" alt=\"\" srcset=\"https:\/\/cortelazzi.sk\/wp-content\/uploads\/2025\/07\/presidente-cortelazzi-vieni-a-trovarci.jpg 536w, https:\/\/cortelazzi.sk\/wp-content\/uploads\/2025\/07\/presidente-cortelazzi-vieni-a-trovarci-300x263.jpg 300w\" sizes=\"(max-width: 536px) 100vw, 536px\" \/>\t\t\t\t\t\t\t\t\t\t\t\t\t\t\t<\/div>\n\t\t\t\t<\/div>\n\t\t\t\t\t<\/div>\n\t\t<\/div>\n\t\t\t\t<div class=\"elementor-column elementor-col-50 elementor-top-column elementor-element elementor-element-5e42dd9a elementor-invisible\" data-id=\"5e42dd9a\" data-element_type=\"column\" data-settings=\"{&quot;animation&quot;:&quot;fadeIn&quot;}\">\n\t\t\t<div class=\"elementor-widget-wrap elementor-element-populated\">\n\t\t\t\t\t\t<div class=\"elementor-element elementor-element-6b7b429 fontbig elementor-widget elementor-widget-heading\" data-id=\"6b7b429\" data-element_type=\"widget\" data-widget_type=\"heading.default\">\n\t\t\t\t<div class=\"elementor-widget-container\">\n\t\t\t\t\t<h3 class=\"elementor-heading-title elementor-size-default\">Nav\u0161t\u00edvte n\u00e1s a objavte prav\u00fa taliansku kvalitu\n<\/h3>\t\t\t\t<\/div>\n\t\t\t\t<\/div>\n\t\t\t\t<div class=\"elementor-element elementor-element-42a2ccc7 elementor-widget elementor-widget-text-editor\" data-id=\"42a2ccc7\" data-element_type=\"widget\" data-widget_type=\"text-editor.default\">\n\t\t\t\t<div class=\"elementor-widget-container\">\n\t\t\t\t\t\t\t\t\t<p><strong>Pr\u00e9miov\u00e9 talianske v\u00fdrobky La Rosa dei Gusti<\/strong>\u00a0na v\u00e1s \u010dakaj\u00fa v na\u0161ej predajni Cortelazzi v Batislave. Objavte pote\u0161enie z uvedomel\u00e9ho a rafinovan\u00e9ho nakupovania: kvalitu, cenov\u00fa dostupnos\u0165 a l\u00e1sku k autentick\u00fdm potravin\u00e1m.\u00a0 Pozrite si, kde sa nach\u00e1dzame na mape, a pr\u00ed\u010fte objavi\u0165 v\u0161etky v\u00fdrobky La Rosa dei Gusti.<\/p>\t\t\t\t\t\t\t\t<\/div>\n\t\t\t\t<\/div>\n\t\t\t\t<div class=\"elementor-element elementor-element-282687c7 elementor-align-left elementor-mobile-align-center scroll icon-effect-yes elementor-widget elementor-widget-button\" data-id=\"282687c7\" data-element_type=\"widget\" data-widget_type=\"button.default\">\n\t\t\t\t<div class=\"elementor-widget-container\">\n\t\t\t\t\t\t\t\t\t<div class=\"elementor-button-wrapper\">\n\t\t\t\t\t<a class=\"elementor-button elementor-button-link elementor-size-sm\" href=\"https:\/\/maps.app.goo.gl\/wLJfKQi8VxPB9Dci6\" target=\"_blank\">\n\t\t\t\t\t\t<span class=\"elementor-button-content-wrapper\">\n\t\t\t\t\t\t\t\t\t<span class=\"elementor-button-text\">ZISTITE, KDE ICH N\u00c1JDETE<\/span>\n\t\t\t\t\t<\/span>\n\t\t\t\t\t<\/a>\n\t\t\t\t<\/div>\n\t\t\t\t\t\t\t\t<\/div>\n\t\t\t\t<\/div>\n\t\t\t\t\t<\/div>\n\t\t<\/div>\n\t\t\t\t\t<\/div>\n\t\t<\/section>\n\t\t\t\t<\/div>\n\t\t","protected":false},"excerpt":{"rendered":"<p>Ry\u017ea a cestoviny Talianska trad\u00edcia pri stole Ak h\u013ead\u00e1te ry\u017eu a cestoviny najvy\u0161\u0161ej kvality, symbol talianskej kuchyne, zverte sa rade La Rosa dei Gusti od Cortelazzi.Vybran\u00e9 suroviny a starostliv\u00e9 spracovanie zaru\u010duj\u00fa dokonal\u00fa chu\u0165 a konzistenciu pri varen\u00ed. Pre autentick\u00e9 a chutn\u00e9 jedl\u00e1 ka\u017ed\u00fd de\u0148 na va\u0161om stole. Chitarrine Artigianali all&#8217;Uovo 250g Rustiche Integrali 250g Nav\u0161t\u00edvte [&hellip;]<\/p>\n","protected":false},"author":1,"featured_media":0,"parent":17003,"menu_order":0,"comment_status":"closed","ping_status":"closed","template":"","meta":{"inline_featured_image":false,"footnotes":"","_links_to":"","_links_to_target":""},"class_list":["post-18104","page","type-page","status-publish","hentry"],"yoast_head":"<!-- This site is optimized with the Yoast SEO plugin v27.5 - https:\/\/yoast.com\/product\/yoast-seo-wordpress\/ -->\n<title>Ry\u017ea a cestoviny - La Rosa dei gusti - Cortelazzi<\/title>\n<meta name=\"robots\" content=\"index, follow, max-snippet:-1, max-image-preview:large, max-video-preview:-1\" \/>\n<link rel=\"canonical\" href=\"https:\/\/cortelazzi.sk\/sk\/vyrobky-la-rosa-dei-gusti\/ryza-a-cestoviny\/\" \/>\n<meta property=\"og:locale\" content=\"sk_SK\" \/>\n<meta property=\"og:type\" content=\"article\" \/>\n<meta property=\"og:title\" content=\"Ry\u017ea a cestoviny - La Rosa dei gusti - Cortelazzi\" \/>\n<meta property=\"og:description\" content=\"Ry\u017ea a cestoviny Talianska trad\u00edcia pri stole Ak h\u013ead\u00e1te ry\u017eu a cestoviny najvy\u0161\u0161ej kvality, symbol talianskej kuchyne, zverte sa rade La Rosa dei Gusti od Cortelazzi.Vybran\u00e9 suroviny a starostliv\u00e9 spracovanie zaru\u010duj\u00fa dokonal\u00fa chu\u0165 a konzistenciu pri varen\u00ed. Pre autentick\u00e9 a chutn\u00e9 jedl\u00e1 ka\u017ed\u00fd de\u0148 na va\u0161om stole. Chitarrine Artigianali all&#8217;Uovo 250g Rustiche Integrali 250g Nav\u0161t\u00edvte [&hellip;]\" \/>\n<meta property=\"og:url\" content=\"https:\/\/cortelazzi.sk\/sk\/vyrobky-la-rosa-dei-gusti\/ryza-a-cestoviny\/\" \/>\n<meta property=\"og:site_name\" content=\"Cortelazzi\" \/>\n<meta property=\"article:modified_time\" content=\"2025-07-30T15:24:02+00:00\" \/>\n<meta name=\"twitter:card\" content=\"summary_large_image\" \/>\n<meta name=\"twitter:label1\" content=\"Predpokladan\u00fd \u010das \u010d\u00edtania\" \/>\n\t<meta name=\"twitter:data1\" content=\"2 min\u00faty\" \/>\n<script type=\"application\/ld+json\" class=\"yoast-schema-graph\">{\"@context\":\"https:\\\/\\\/schema.org\",\"@graph\":[{\"@type\":\"WebPage\",\"@id\":\"https:\\\/\\\/cortelazzi.sk\\\/sk\\\/vyrobky-la-rosa-dei-gusti\\\/ryza-a-cestoviny\\\/\",\"url\":\"https:\\\/\\\/cortelazzi.sk\\\/sk\\\/vyrobky-la-rosa-dei-gusti\\\/ryza-a-cestoviny\\\/\",\"name\":\"Ry\u017ea a cestoviny - La Rosa dei gusti - Cortelazzi\",\"isPartOf\":{\"@id\":\"https:\\\/\\\/cortelazzi.sk\\\/#website\"},\"primaryImageOfPage\":{\"@id\":\"https:\\\/\\\/cortelazzi.sk\\\/sk\\\/vyrobky-la-rosa-dei-gusti\\\/ryza-a-cestoviny\\\/#primaryimage\"},\"image\":{\"@id\":\"https:\\\/\\\/cortelazzi.sk\\\/sk\\\/vyrobky-la-rosa-dei-gusti\\\/ryza-a-cestoviny\\\/#primaryimage\"},\"thumbnailUrl\":\"https:\\\/\\\/cortelazzi.sk\\\/wp-content\\\/uploads\\\/2025\\\/05\\\/marchio-la-rosa-del-gusto.svg\",\"datePublished\":\"2025-07-30T12:38:01+00:00\",\"dateModified\":\"2025-07-30T15:24:02+00:00\",\"breadcrumb\":{\"@id\":\"https:\\\/\\\/cortelazzi.sk\\\/sk\\\/vyrobky-la-rosa-dei-gusti\\\/ryza-a-cestoviny\\\/#breadcrumb\"},\"inLanguage\":\"sk-SK\",\"potentialAction\":[{\"@type\":\"ReadAction\",\"target\":[\"https:\\\/\\\/cortelazzi.sk\\\/sk\\\/vyrobky-la-rosa-dei-gusti\\\/ryza-a-cestoviny\\\/\"]}]},{\"@type\":\"ImageObject\",\"inLanguage\":\"sk-SK\",\"@id\":\"https:\\\/\\\/cortelazzi.sk\\\/sk\\\/vyrobky-la-rosa-dei-gusti\\\/ryza-a-cestoviny\\\/#primaryimage\",\"url\":\"https:\\\/\\\/cortelazzi.sk\\\/wp-content\\\/uploads\\\/2025\\\/05\\\/marchio-la-rosa-del-gusto.svg\",\"contentUrl\":\"https:\\\/\\\/cortelazzi.sk\\\/wp-content\\\/uploads\\\/2025\\\/05\\\/marchio-la-rosa-del-gusto.svg\"},{\"@type\":\"BreadcrumbList\",\"@id\":\"https:\\\/\\\/cortelazzi.sk\\\/sk\\\/vyrobky-la-rosa-dei-gusti\\\/ryza-a-cestoviny\\\/#breadcrumb\",\"itemListElement\":[{\"@type\":\"ListItem\",\"position\":1,\"name\":\"Home\",\"item\":\"https:\\\/\\\/cortelazzi.sk\\\/sk\\\/\"},{\"@type\":\"ListItem\",\"position\":2,\"name\":\"La Rosa dei gusti s\u00a0l\u00e1skou z Talianska\",\"item\":\"https:\\\/\\\/cortelazzi.sk\\\/prodotti-la-rosa-dei-gusti\\\/\"},{\"@type\":\"ListItem\",\"position\":3,\"name\":\"Ry\u017ea a cestoviny &#8211; La Rosa dei gusti\"}]},{\"@type\":\"WebSite\",\"@id\":\"https:\\\/\\\/cortelazzi.sk\\\/#website\",\"url\":\"https:\\\/\\\/cortelazzi.sk\\\/\",\"name\":\"Cortelazzi\",\"description\":\"Food service\",\"potentialAction\":[{\"@type\":\"SearchAction\",\"target\":{\"@type\":\"EntryPoint\",\"urlTemplate\":\"https:\\\/\\\/cortelazzi.sk\\\/?s={search_term_string}\"},\"query-input\":{\"@type\":\"PropertyValueSpecification\",\"valueRequired\":true,\"valueName\":\"search_term_string\"}}],\"inLanguage\":\"sk-SK\"}]}<\/script>\n<!-- \/ Yoast SEO plugin. -->","yoast_head_json":{"title":"Ry\u017ea a cestoviny - La Rosa dei gusti - Cortelazzi","robots":{"index":"index","follow":"follow","max-snippet":"max-snippet:-1","max-image-preview":"max-image-preview:large","max-video-preview":"max-video-preview:-1"},"canonical":"https:\/\/cortelazzi.sk\/sk\/vyrobky-la-rosa-dei-gusti\/ryza-a-cestoviny\/","og_locale":"sk_SK","og_type":"article","og_title":"Ry\u017ea a cestoviny - La Rosa dei gusti - Cortelazzi","og_description":"Ry\u017ea a cestoviny Talianska trad\u00edcia pri stole Ak h\u013ead\u00e1te ry\u017eu a cestoviny najvy\u0161\u0161ej kvality, symbol talianskej kuchyne, zverte sa rade La Rosa dei Gusti od Cortelazzi.Vybran\u00e9 suroviny a starostliv\u00e9 spracovanie zaru\u010duj\u00fa dokonal\u00fa chu\u0165 a konzistenciu pri varen\u00ed. Pre autentick\u00e9 a chutn\u00e9 jedl\u00e1 ka\u017ed\u00fd de\u0148 na va\u0161om stole. Chitarrine Artigianali all&#8217;Uovo 250g Rustiche Integrali 250g Nav\u0161t\u00edvte [&hellip;]","og_url":"https:\/\/cortelazzi.sk\/sk\/vyrobky-la-rosa-dei-gusti\/ryza-a-cestoviny\/","og_site_name":"Cortelazzi","article_modified_time":"2025-07-30T15:24:02+00:00","twitter_card":"summary_large_image","twitter_misc":{"Predpokladan\u00fd \u010das \u010d\u00edtania":"2 min\u00faty"},"schema":{"@context":"https:\/\/schema.org","@graph":[{"@type":"WebPage","@id":"https:\/\/cortelazzi.sk\/sk\/vyrobky-la-rosa-dei-gusti\/ryza-a-cestoviny\/","url":"https:\/\/cortelazzi.sk\/sk\/vyrobky-la-rosa-dei-gusti\/ryza-a-cestoviny\/","name":"Ry\u017ea a cestoviny - La Rosa dei gusti - Cortelazzi","isPartOf":{"@id":"https:\/\/cortelazzi.sk\/#website"},"primaryImageOfPage":{"@id":"https:\/\/cortelazzi.sk\/sk\/vyrobky-la-rosa-dei-gusti\/ryza-a-cestoviny\/#primaryimage"},"image":{"@id":"https:\/\/cortelazzi.sk\/sk\/vyrobky-la-rosa-dei-gusti\/ryza-a-cestoviny\/#primaryimage"},"thumbnailUrl":"https:\/\/cortelazzi.sk\/wp-content\/uploads\/2025\/05\/marchio-la-rosa-del-gusto.svg","datePublished":"2025-07-30T12:38:01+00:00","dateModified":"2025-07-30T15:24:02+00:00","breadcrumb":{"@id":"https:\/\/cortelazzi.sk\/sk\/vyrobky-la-rosa-dei-gusti\/ryza-a-cestoviny\/#breadcrumb"},"inLanguage":"sk-SK","potentialAction":[{"@type":"ReadAction","target":["https:\/\/cortelazzi.sk\/sk\/vyrobky-la-rosa-dei-gusti\/ryza-a-cestoviny\/"]}]},{"@type":"ImageObject","inLanguage":"sk-SK","@id":"https:\/\/cortelazzi.sk\/sk\/vyrobky-la-rosa-dei-gusti\/ryza-a-cestoviny\/#primaryimage","url":"https:\/\/cortelazzi.sk\/wp-content\/uploads\/2025\/05\/marchio-la-rosa-del-gusto.svg","contentUrl":"https:\/\/cortelazzi.sk\/wp-content\/uploads\/2025\/05\/marchio-la-rosa-del-gusto.svg"},{"@type":"BreadcrumbList","@id":"https:\/\/cortelazzi.sk\/sk\/vyrobky-la-rosa-dei-gusti\/ryza-a-cestoviny\/#breadcrumb","itemListElement":[{"@type":"ListItem","position":1,"name":"Home","item":"https:\/\/cortelazzi.sk\/sk\/"},{"@type":"ListItem","position":2,"name":"La Rosa dei gusti s\u00a0l\u00e1skou z Talianska","item":"https:\/\/cortelazzi.sk\/prodotti-la-rosa-dei-gusti\/"},{"@type":"ListItem","position":3,"name":"Ry\u017ea a cestoviny &#8211; La Rosa dei gusti"}]},{"@type":"WebSite","@id":"https:\/\/cortelazzi.sk\/#website","url":"https:\/\/cortelazzi.sk\/","name":"Cortelazzi","description":"Food service","potentialAction":[{"@type":"SearchAction","target":{"@type":"EntryPoint","urlTemplate":"https:\/\/cortelazzi.sk\/?s={search_term_string}"},"query-input":{"@type":"PropertyValueSpecification","valueRequired":true,"valueName":"search_term_string"}}],"inLanguage":"sk-SK"}]}},"_links":{"self":[{"href":"https:\/\/cortelazzi.sk\/sk\/wp-json\/wp\/v2\/pages\/18104","targetHints":{"allow":["GET"]}}],"collection":[{"href":"https:\/\/cortelazzi.sk\/sk\/wp-json\/wp\/v2\/pages"}],"about":[{"href":"https:\/\/cortelazzi.sk\/sk\/wp-json\/wp\/v2\/types\/page"}],"author":[{"embeddable":true,"href":"https:\/\/cortelazzi.sk\/sk\/wp-json\/wp\/v2\/users\/1"}],"replies":[{"embeddable":true,"href":"https:\/\/cortelazzi.sk\/sk\/wp-json\/wp\/v2\/comments?post=18104"}],"version-history":[{"count":4,"href":"https:\/\/cortelazzi.sk\/sk\/wp-json\/wp\/v2\/pages\/18104\/revisions"}],"predecessor-version":[{"id":18137,"href":"https:\/\/cortelazzi.sk\/sk\/wp-json\/wp\/v2\/pages\/18104\/revisions\/18137"}],"up":[{"embeddable":true,"href":"https:\/\/cortelazzi.sk\/sk\/wp-json\/wp\/v2\/pages\/17003"}],"wp:attachment":[{"href":"https:\/\/cortelazzi.sk\/sk\/wp-json\/wp\/v2\/media?parent=18104"}],"curies":[{"name":"wp","href":"https:\/\/api.w.org\/{rel}","templated":true}]}}