{"id":16151,"date":"2024-09-13T14:40:49","date_gmt":"2024-09-13T12:40:49","guid":{"rendered":"https:\/\/cortelazzi.sk\/?page_id=16151"},"modified":"2024-11-21T15:18:39","modified_gmt":"2024-11-21T14:18:39","slug":"privacy-policy","status":"publish","type":"page","link":"https:\/\/cortelazzi.sk\/sk\/privacy-policy\/","title":{"rendered":"Privacy policy"},"content":{"rendered":"\n<p>Max Food SE<\/p>\n\n\n\n<p>Za Trat\u00ed 235<br>252 19&nbsp;Chr\u00e1\u0161?any<br>P.IVA CZ27149897<\/p>\n\n\n\n<p>Cod. Doc. 23646.51.488265.2969092<\/p>\n\n\n\n<h2 class=\"wp-block-heading\">Inform\u00e1cie o spracovan\u00ed osobn\u00fdch \u00fadajov ex \u010dl. 13-14 nariadenia E\u00da 2016\/679<\/h2>\n\n\n\n<h3 class=\"wp-block-heading\">Zainteresovan\u00e9 strany: Navig\u00e1tori port\u00e1lu www.cortelazzi.cz.<\/h3>\n\n\n\n<p>Spolo\u010dnos\u0165 Max Food SE ako spr\u00e1vca va\u0161ich osobn\u00fdch \u00fadajov na z\u00e1klade a v s\u00falade s nariaden\u00edm E\u00da 2016\/679 (\u010falej len \u201eGDPR\u201c) v\u00e1s t\u00fdmto informuje, \u017ee uveden\u00e9 nariadenie zabezpe\u010duje ochranu dotknut\u00fdch str\u00e1n v s\u00favislosti so spracovan\u00edm osobn\u00fdch \u00fadajov a \u017ee totospracovanie bude zalo\u017een\u00e9 na z\u00e1sad\u00e1ch spr\u00e1vnosti, z\u00e1konnosti, transparentnosti a ochrany v\u00e1\u0161ho d\u00f4vern\u00e9ho charakteru a va\u0161ich pr\u00e1v.<\/p>\n\n\n\n<p>Va\u0161e osobn\u00e9 \u00fadaje sa sprac\u00favaj\u00fa v s\u00falade s pr\u00e1vnymi ustanoveniami vy\u0161\u0161ie uveden\u00fdch pr\u00e1vnych predpisov a s povinnos\u0165ami ml\u010danlivosti, ktor\u00e9 s\u00fa v nich uveden\u00e9.<br>\u00da\u010dely a pr\u00e1vny z\u00e1klad spracovania: va\u0161e \u00fadaje sa bud\u00fa pou\u017e\u00edva\u0165 najm\u00e4 na nasleduj\u00face \u00fa\u010dely s\u00favisiace s plnen\u00edm opatren\u00ed s\u00favisiacich so zmluvn\u00fdmi alebo predzmluvn\u00fdmi z\u00e1v\u00e4zkami:<\/p>\n\n\n\n<ul class=\"wp-block-list\">\n<li>spr\u00e1va s\u00faborov cookie potrebn\u00fdch pre port\u00e1l (technick\u00e9 s\u00fabory cookie s\u00fa nevyhnutn\u00e9 pre spr\u00e1vne fungovanie str\u00e1nky a pou\u017e\u00edvaj\u00fa sa v\u00fdlu\u010dne na \u00fa\u010dely spr\u00e1vy r\u00f4znych slu\u017eieb spojen\u00fdch so samotnou str\u00e1nkou, ako je napr\u00edklad prihl\u00e1senie);<\/li>\n\n\n\n<li>riadenie z\u00e1kazn\u00edkov.<\/li>\n<\/ul>\n\n\n\n<p>Va\u0161e osobn\u00e9 \u00fadaje m\u00f4\u017eu by\u0165 s va\u0161\u00edm s\u00fahlasom pou\u017eit\u00e9 aj na tieto \u00fa\u010dely:<\/p>\n\n\n\n<ul class=\"wp-block-list\">\n<li>spr\u00e1va netechnick\u00fdch \u0161tatistick\u00fdch s\u00faborov cookie pre port\u00e1l (\u0161tatistick\u00e9 s\u00fabory cookie pom\u00e1haj\u00fa majite\u013eom webov\u00fdch str\u00e1nok pochopi\u0165, ako n\u00e1v\u0161tevn\u00edci interaguj\u00fa so str\u00e1nkami, a to prostredn\u00edctvom anonymn\u00e9ho zberu a vykazovania inform\u00e1ci\u00ed).).<\/li>\n<\/ul>\n\n\n\n<p>Poskytnutie \u00fadajov je pre v\u00e1s v s\u00favislosti s vy\u0161\u0161ie uveden\u00fdmi \u00fa\u010delmi dobrovo\u013en\u00e9 a va\u0161e odmietnutie poskytn\u00fa\u0165 tak\u00e9to \u00fadaje nem\u00e1 vplyv na pokra\u010dovanie vz\u0165ahu alebo primeranos\u0165 spracovania.<br>Sp\u00f4sob spracovania. Va\u0161e osobn\u00e9 \u00fadaje sa m\u00f4\u017eu sprac\u00fava\u0165 t\u00fdmito sp\u00f4sobmi:<\/p>\n\n\n\n<ul class=\"wp-block-list\">\n<li>prostredn\u00edctvom elektronick\u00fdch po\u010d\u00edta\u010dov vyu\u017e\u00edvaj\u00facich softv\u00e9rov\u00e9 syst\u00e9my tret\u00edch str\u00e1n;<\/li>\n\n\n\n<li>prostredn\u00edctvom elektronick\u00fdch po\u010d\u00edta\u010dov s vyu\u017eit\u00edm priamo riaden\u00fdch alebo naprogramovan\u00fdch softv\u00e9rov\u00fdch syst\u00e9mov.<\/li>\n<\/ul>\n\n\n\n<p>V\u0161etky spracovania sa vykon\u00e1vaj\u00fa v s\u00falade s met\u00f3dami stanoven\u00fdmi v \u010dl\u00e1nkoch 6 a 32 GDPR a prostredn\u00edctvom prijatia vhodn\u00fdch bezpe\u010dnostn\u00fdch opatren\u00ed.<br>Va\u0161e \u00fadaje bud\u00fa spracov\u00e1va\u0165 len pracovn\u00edci v\u00fdslovne poveren\u00ed prev\u00e1dzkovate\u013eom, a to najm\u00e4 nasleduj\u00face kateg\u00f3rie opr\u00e1vnen\u00fdch pracovn\u00edkov:<\/p>\n\n\n\n<ul class=\"wp-block-list\">\n<li>intern\u00ed oper\u00e1tori na spr\u00e1vu webov\u00e9ho port\u00e1lu.<\/li>\n<\/ul>\n\n\n\n<p>Komunik\u00e1cia: Va\u0161e \u00fadaje m\u00f4\u017eu by\u0165 poskytnut\u00e9 extern\u00fdm stran\u00e1m na \u00fa\u010dely riadneho riadenia vz\u0165ahu, a to najm\u00e4 nasleduj\u00facim kateg\u00f3ri\u00e1m pr\u00edjemcov vr\u00e1tane v\u0161etk\u00fdch riadne vymenovan\u00fdch spracovate\u013eov \u00fadajov:<\/p>\n\n\n\n<ul class=\"wp-block-list\">\n<li>poskytovate\u013ea webov\u00fdch slu\u017eieb na spr\u00e1vu a \u00fadr\u017ebu platformy.<\/li>\n<\/ul>\n\n\n\n<p>Poskytnutie \u00fadajov tret\u00edm stran\u00e1m: Va\u0161e \u00fadaje m\u00f4\u017eu by\u0165 poskytnut\u00e9 extern\u00fdm stran\u00e1m na \u00fa\u010dely riadneho riadenia vz\u0165ahu, a to najm\u00e4 nasleduj\u00facim kateg\u00f3ri\u00e1m pr\u00edjemcov ozna\u010den\u00fdch ako tretie strany:<\/p>\n\n\n\n<ul class=\"wp-block-list\">\n<li>Google &#8211; https:\/\/policies.google.com\/privacy?hl=en;<\/li>\n\n\n\n<li>WPML.<\/li>\n<\/ul>\n\n\n\n<p>\u0160\u00edrenie: Va\u0161e osobn\u00e9 \u00fadaje nebud\u00fa \u017eiadnym sp\u00f4sobom \u0161\u00edren\u00e9.<br>Va\u0161e osobn\u00e9 \u00fadaje sa m\u00f4\u017eu pren\u00e1\u0161a\u0165 na vy\u0161\u0161ie uveden\u00e9 \u00fa\u010dely aj do t\u00fdchto kraj\u00edn:<\/p>\n\n\n\n<ul class=\"wp-block-list\">\n<li>Krajiny E\u00da;<\/li>\n\n\n\n<li>Spojen\u00e9 \u0161t\u00e1ty.<\/li>\n<\/ul>\n\n\n\n<p>Doba uchov\u00e1vania. Radi by sme v\u00e1s informovali, \u017ee v s\u00falade so z\u00e1sadami z\u00e1konnosti, obmedzenia \u00fa\u010delu a minimaliz\u00e1cie \u00fadajov pod\u013ea \u010dl\u00e1nku 5 GDPR je doba uchov\u00e1vania va\u0161ich osobn\u00fdch \u00fadajov:<\/p>\n\n\n\n<ul class=\"wp-block-list\">\n<li>1 de\u0148:;<\/li>\n\n\n\n<li>dn\u00ed: google analytics,;<\/li>\n\n\n\n<li>trval\u00e9:;<\/li>\n\n\n\n<li>rel\u00e1cia: php.net, wpml,.<\/li>\n<\/ul>\n\n\n\n<p>Spr\u00e1va s\u00faborov cookie: Ak m\u00e1te ak\u00e9ko\u013evek pochybnosti alebo obavy t\u00fdkaj\u00face sa pou\u017e\u00edvania s\u00faborov cookie, m\u00f4\u017eete v\u017edy podnikn\u00fa\u0165 kroky na zabr\u00e1nenie ich nastavenia a \u010d\u00edtania, napr\u00edklad zmenou nastaven\u00ed ochrany osobn\u00fdch \u00fadajov vo va\u0161om prehliada\u010di na zablokovanie ur\u010dit\u00fdch typov s\u00faborov cookie.<\/p>\n\n\n\n<p>Ke\u010f\u017ee sa jednotliv\u00e9 prehliada\u010de &#8211; a \u010dasto aj r\u00f4zne verzie toho ist\u00e9ho prehliada\u010da &#8211; navz\u00e1jom v\u00fdrazne l\u00ed\u0161ia, ak d\u00e1vate prednos\u0165 nez\u00e1visl\u00e9mu konaniu prostredn\u00edctvom predvolieb prehliada\u010da n\u00e1jdete podrobn\u00e9 inform\u00e1cie o potrebnom postupe v n\u00e1povede prehliada\u010da. Preh\u013ead o tom, ako to urobi\u0165 pre najbe\u017enej\u0161ie prehliada\u010de, n\u00e1jdete na str\u00e1nke <a href=\"http:\/\/www.cookiepedia.co.uk\">www.cookiepedia.co.uk<\/a>.<\/p>\n\n\n\n<p>Reklamn\u00e9 spolo\u010dnosti v\u00e1m tie\u017e umo\u017e\u0148uj\u00fa odmietnu\u0165 prij\u00edmanie cielen\u00fdch rekl\u00e1m, ak si to \u017eel\u00e1te. T\u00fdm sa nezabr\u00e1ni nastaveniu s\u00faborov cookie, ale zastav\u00ed sa pou\u017e\u00edvanie a zhroma\u017e\u010fovanie ur\u010dit\u00fdch \u00fadajov t\u00fdmito spolo\u010dnos\u0165ami.<\/p>\n\n\n\n<p>\u010eal\u0161ie inform\u00e1cie a mo\u017enosti odhl\u00e1senia n\u00e1jdete na str\u00e1nke <a href=\"http:\/\/www.youronlinechoices.eu\/\">www.youronlinechoices.eu\/<\/a>.<\/p>\n\n\n\n<p>Prev\u00e1dzkovate\u013e \u00fadajov: Prev\u00e1dzkovate\u013eom \u00fadajov v zmysle z\u00e1kona je spolo\u010dnos\u0165 Max Food SE (Za Trat\u00ed 235 , 252 19 Chr\u00e1\u0161\u0165any, I\u010cO CZ27149897).<\/p>\n\n\n\n<p>M\u00e1te pr\u00e1vo po\u017eadova\u0165 od prev\u00e1dzkovate\u013ea vymazanie (pr\u00e1vo by\u0165 zabudnut\u00fd), obmedzenie, aktualiz\u00e1ciu, opravu, prenosnos\u0165, vznies\u0165 n\u00e1mietku proti sprac\u00favaniu osobn\u00fdch \u00fadajov, ktor\u00e9 sa v\u00e1s t\u00fdkaj\u00fa, ako aj vo v\u0161eobecnosti m\u00f4\u017eete uplatni\u0165 v\u0161etky pr\u00e1va stanoven\u00e9 v \u010dl\u00e1nkoch 15, 16, 17, 18, 19, 20, 21, 22 GDPR.<\/p>\n\n\n\n<p><strong>Nariadenie E\u00da 2016\/679: \u010dl\u00e1nky 15, 16, 17, 18, 19, 20, 21, 22 &#8211; Pr\u00e1va dotknutej osoby<\/strong><strong><\/strong><\/p>\n\n\n\n<p id=\"90510020\">1. Dotknut\u00e1 osoba m\u00e1 pr\u00e1vo z\u00edska\u0165 potvrdenie o tom, \u010di osobn\u00e9 \u00fadaje, ktor\u00e9 sa jej t\u00fdkaj\u00fa, existuj\u00fa alebo nie, bez oh\u013eadu na to, \u010di s\u00fa u\u017e zaznamenan\u00e9, pr\u00e1vo na ozn\u00e1menie t\u00fdchto \u00fadajov v zrozumite\u013enej forme a mo\u017enos\u0165 poda\u0165 s\u0165a\u017enos\u0165 dozorn\u00e9mu org\u00e1nu<\/p>\n\n\n\n<p id=\"90510021\">2. Dotknut\u00e1 &nbsp;osoba m\u00e1 pr\u00e1vo by\u0165 informovan\u00e1:<\/p>\n\n\n\n<ol style=\"list-style-type:lower-alpha\" class=\"wp-block-list\">\n<li>o p\u00f4vode osobn\u00fdch \u00fadajov;<\/li>\n\n\n\n<li>o \u00fa\u010deloch a met\u00f3dach spracovania;<\/li>\n\n\n\n<li>o logike pou\u017eitej v pr\u00edpade spracovania elektronick\u00fdmi prostriedkami;<\/li>\n\n\n\n<li>o identifika\u010dn\u00fdch \u00fadajoch dr\u017eite\u013ea, zodpovedn\u00fdch os\u00f4b a z\u00e1stupcu ur\u010den\u00e9ho pod\u013ea \u010dl\u00e1nku 5 ods. 2;<\/li>\n\n\n\n<li>o subjektoch alebo kateg\u00f3ri\u00e1ch subjektov, ktor\u00fdm m\u00f4\u017eu by\u0165 osobn\u00e9 \u00fadaje ozn\u00e1men\u00e9 alebo ktor\u00ed sa o nich m\u00f4\u017eu dozvedie\u0165 &nbsp;v&nbsp;postaven\u00ed ur\u010den\u00e9ho z\u00e1stupcu na \u00fazem\u00ed \u0161t\u00e1tu, ako mana\u017e\u00e9ri alebo nominovan\u00ed<\/li>\n<\/ol>\n\n\n\n<p id=\"90510025\">3. Dotknut\u00e1 osoba m\u00e1 pr\u00e1vo z\u00edska\u0165<\/p>\n\n\n\n<ol style=\"list-style-type:lower-alpha\" class=\"wp-block-list\">\n<li>aktualiz\u00e1ciu, opravu alebo v pr\u00edpade z\u00e1ujmu integr\u00e1ciu \u00fadajov;<\/li>\n\n\n\n<li>zru\u0161enie, transform\u00e1ciu do anonymnej podoby alebo zablokovanie \u00fadajov sprac\u00favan\u00fdch v rozpore so z\u00e1konom vr\u00e1tane \u00fadajov, ktor\u00fdch uchov\u00e1vanie nie je nevyhnutn\u00e9 vo vz\u0165ahu k \u00fa\u010delom, na ktor\u00e9 boli \u00fadaje zhroma\u017eden\u00e9 alebo n\u00e1sledne spracovan\u00e9;<\/li>\n\n\n\n<li>osved\u010denie o tom, \u017ee oper\u00e1cie pod\u013ea p\u00edsmen a) a b) boli ozn\u00e1men\u00e9, ako aj ich obsah, subjektom, ktor\u00fdm boli \u00fadaje ozn\u00e1men\u00e9 alebo \u0161\u00edren\u00e9, pokia\u013e sa t\u00e1to po\u017eiadavka neuk\u00e1\u017ee ako nemo\u017en\u00e1 alebo si nevy\u017eaduje zjavne neprimeran\u00e9 \u00fasilie v porovnan\u00ed s pr\u00e1vom, ktor\u00e9 sa m\u00e1 chr\u00e1ni\u0165;<\/li>\n\n\n\n<li>prenos \u00fadajov.<\/li>\n<\/ol>\n\n\n\n<p id=\"90510027\">4. Dotknut\u00e1 osoba m\u00e1 pr\u00e1vo vznies\u0165 \u00fapln\u00fa alebo \u010diasto\u010dn\u00fa n\u00e1mietku:<\/p>\n\n\n\n<ol style=\"list-style-type:lower-alpha\" class=\"wp-block-list\">\n<li>z opr\u00e1vnen\u00fdch d\u00f4vodov sprac\u00fava\u0165 osobn\u00e9 \u00fadaje, ktor\u00e9 sa ho t\u00fdkaj\u00fa, aj ke\u010f s\u00fa relevantn\u00e9 z h\u013eadiska \u00fa\u010delu zberu;<\/li>\n\n\n\n<li>za sprac\u00favanie osobn\u00fdch \u00fadajov, ktor\u00e9 sa ho t\u00fdkaj\u00fa, na \u00fa\u010dely zasielania reklamn\u00fdch alebo priamych predajn\u00fdch materi\u00e1lov alebo na \u00fa\u010dely vykon\u00e1vania prieskumu trhu alebo obchodnej komunik\u00e1cie.<\/li>\n<\/ol>\n\n\n\n<p><\/p>\n","protected":false},"excerpt":{"rendered":"<p>Max Food SE Za Trat\u00ed 235252 19&nbsp;Chr\u00e1\u0161?anyP.IVA CZ27149897 Cod. Doc. 23646.51.488265.2969092 Inform\u00e1cie o spracovan\u00ed osobn\u00fdch \u00fadajov ex \u010dl. 13-14 nariadenia E\u00da 2016\/679 Zainteresovan\u00e9 strany: Navig\u00e1tori port\u00e1lu www.cortelazzi.cz. Spolo\u010dnos\u0165 Max Food SE ako spr\u00e1vca va\u0161ich osobn\u00fdch \u00fadajov na z\u00e1klade a v s\u00falade s nariaden\u00edm E\u00da 2016\/679 (\u010falej len \u201eGDPR\u201c) v\u00e1s t\u00fdmto informuje, \u017ee uveden\u00e9 nariadenie zabezpe\u010duje [&hellip;]<\/p>\n","protected":false},"author":1,"featured_media":0,"parent":0,"menu_order":0,"comment_status":"closed","ping_status":"closed","template":"","meta":{"inline_featured_image":false,"footnotes":"","_links_to":"","_links_to_target":""},"class_list":["post-16151","page","type-page","status-publish","hentry"],"yoast_head":"<!-- This site is optimized with the Yoast SEO plugin v27.5 - https:\/\/yoast.com\/product\/yoast-seo-wordpress\/ -->\n<title>Privacy policy - Cortelazzi<\/title>\n<meta name=\"robots\" content=\"index, follow, max-snippet:-1, max-image-preview:large, max-video-preview:-1\" \/>\n<link rel=\"canonical\" href=\"https:\/\/cortelazzi.sk\/sk\/privacy-policy\/\" \/>\n<meta property=\"og:locale\" content=\"sk_SK\" \/>\n<meta property=\"og:type\" content=\"article\" \/>\n<meta property=\"og:title\" content=\"Privacy policy - Cortelazzi\" \/>\n<meta property=\"og:description\" content=\"Max Food SE Za Trat\u00ed 235252 19&nbsp;Chr\u00e1\u0161?anyP.IVA CZ27149897 Cod. Doc. 23646.51.488265.2969092 Inform\u00e1cie o spracovan\u00ed osobn\u00fdch \u00fadajov ex \u010dl. 13-14 nariadenia E\u00da 2016\/679 Zainteresovan\u00e9 strany: Navig\u00e1tori port\u00e1lu www.cortelazzi.cz. Spolo\u010dnos\u0165 Max Food SE ako spr\u00e1vca va\u0161ich osobn\u00fdch \u00fadajov na z\u00e1klade a v s\u00falade s nariaden\u00edm E\u00da 2016\/679 (\u010falej len \u201eGDPR\u201c) v\u00e1s t\u00fdmto informuje, \u017ee uveden\u00e9 nariadenie zabezpe\u010duje [&hellip;]\" \/>\n<meta property=\"og:url\" content=\"https:\/\/cortelazzi.sk\/sk\/privacy-policy\/\" \/>\n<meta property=\"og:site_name\" content=\"Cortelazzi\" \/>\n<meta property=\"article:modified_time\" content=\"2024-11-21T14:18:39+00:00\" \/>\n<meta name=\"twitter:card\" content=\"summary_large_image\" \/>\n<meta name=\"twitter:label1\" content=\"Predpokladan\u00fd \u010das \u010d\u00edtania\" \/>\n\t<meta name=\"twitter:data1\" content=\"5 min\u00fat\" \/>\n<script type=\"application\/ld+json\" class=\"yoast-schema-graph\">{\"@context\":\"https:\\\/\\\/schema.org\",\"@graph\":[{\"@type\":\"WebPage\",\"@id\":\"https:\\\/\\\/cortelazzi.sk\\\/sk\\\/privacy-policy\\\/\",\"url\":\"https:\\\/\\\/cortelazzi.sk\\\/sk\\\/privacy-policy\\\/\",\"name\":\"Privacy policy - Cortelazzi\",\"isPartOf\":{\"@id\":\"https:\\\/\\\/cortelazzi.sk\\\/#website\"},\"datePublished\":\"2024-09-13T12:40:49+00:00\",\"dateModified\":\"2024-11-21T14:18:39+00:00\",\"breadcrumb\":{\"@id\":\"https:\\\/\\\/cortelazzi.sk\\\/sk\\\/privacy-policy\\\/#breadcrumb\"},\"inLanguage\":\"sk-SK\",\"potentialAction\":[{\"@type\":\"ReadAction\",\"target\":[\"https:\\\/\\\/cortelazzi.sk\\\/sk\\\/privacy-policy\\\/\"]}]},{\"@type\":\"BreadcrumbList\",\"@id\":\"https:\\\/\\\/cortelazzi.sk\\\/sk\\\/privacy-policy\\\/#breadcrumb\",\"itemListElement\":[{\"@type\":\"ListItem\",\"position\":1,\"name\":\"Home\",\"item\":\"https:\\\/\\\/cortelazzi.sk\\\/sk\\\/\"},{\"@type\":\"ListItem\",\"position\":2,\"name\":\"Privacy policy\"}]},{\"@type\":\"WebSite\",\"@id\":\"https:\\\/\\\/cortelazzi.sk\\\/#website\",\"url\":\"https:\\\/\\\/cortelazzi.sk\\\/\",\"name\":\"Cortelazzi\",\"description\":\"Food service\",\"potentialAction\":[{\"@type\":\"SearchAction\",\"target\":{\"@type\":\"EntryPoint\",\"urlTemplate\":\"https:\\\/\\\/cortelazzi.sk\\\/?s={search_term_string}\"},\"query-input\":{\"@type\":\"PropertyValueSpecification\",\"valueRequired\":true,\"valueName\":\"search_term_string\"}}],\"inLanguage\":\"sk-SK\"}]}<\/script>\n<!-- \/ Yoast SEO plugin. -->","yoast_head_json":{"title":"Privacy policy - Cortelazzi","robots":{"index":"index","follow":"follow","max-snippet":"max-snippet:-1","max-image-preview":"max-image-preview:large","max-video-preview":"max-video-preview:-1"},"canonical":"https:\/\/cortelazzi.sk\/sk\/privacy-policy\/","og_locale":"sk_SK","og_type":"article","og_title":"Privacy policy - Cortelazzi","og_description":"Max Food SE Za Trat\u00ed 235252 19&nbsp;Chr\u00e1\u0161?anyP.IVA CZ27149897 Cod. Doc. 23646.51.488265.2969092 Inform\u00e1cie o spracovan\u00ed osobn\u00fdch \u00fadajov ex \u010dl. 13-14 nariadenia E\u00da 2016\/679 Zainteresovan\u00e9 strany: Navig\u00e1tori port\u00e1lu www.cortelazzi.cz. Spolo\u010dnos\u0165 Max Food SE ako spr\u00e1vca va\u0161ich osobn\u00fdch \u00fadajov na z\u00e1klade a v s\u00falade s nariaden\u00edm E\u00da 2016\/679 (\u010falej len \u201eGDPR\u201c) v\u00e1s t\u00fdmto informuje, \u017ee uveden\u00e9 nariadenie zabezpe\u010duje [&hellip;]","og_url":"https:\/\/cortelazzi.sk\/sk\/privacy-policy\/","og_site_name":"Cortelazzi","article_modified_time":"2024-11-21T14:18:39+00:00","twitter_card":"summary_large_image","twitter_misc":{"Predpokladan\u00fd \u010das \u010d\u00edtania":"5 min\u00fat"},"schema":{"@context":"https:\/\/schema.org","@graph":[{"@type":"WebPage","@id":"https:\/\/cortelazzi.sk\/sk\/privacy-policy\/","url":"https:\/\/cortelazzi.sk\/sk\/privacy-policy\/","name":"Privacy policy - Cortelazzi","isPartOf":{"@id":"https:\/\/cortelazzi.sk\/#website"},"datePublished":"2024-09-13T12:40:49+00:00","dateModified":"2024-11-21T14:18:39+00:00","breadcrumb":{"@id":"https:\/\/cortelazzi.sk\/sk\/privacy-policy\/#breadcrumb"},"inLanguage":"sk-SK","potentialAction":[{"@type":"ReadAction","target":["https:\/\/cortelazzi.sk\/sk\/privacy-policy\/"]}]},{"@type":"BreadcrumbList","@id":"https:\/\/cortelazzi.sk\/sk\/privacy-policy\/#breadcrumb","itemListElement":[{"@type":"ListItem","position":1,"name":"Home","item":"https:\/\/cortelazzi.sk\/sk\/"},{"@type":"ListItem","position":2,"name":"Privacy policy"}]},{"@type":"WebSite","@id":"https:\/\/cortelazzi.sk\/#website","url":"https:\/\/cortelazzi.sk\/","name":"Cortelazzi","description":"Food service","potentialAction":[{"@type":"SearchAction","target":{"@type":"EntryPoint","urlTemplate":"https:\/\/cortelazzi.sk\/?s={search_term_string}"},"query-input":{"@type":"PropertyValueSpecification","valueRequired":true,"valueName":"search_term_string"}}],"inLanguage":"sk-SK"}]}},"_links":{"self":[{"href":"https:\/\/cortelazzi.sk\/sk\/wp-json\/wp\/v2\/pages\/16151","targetHints":{"allow":["GET"]}}],"collection":[{"href":"https:\/\/cortelazzi.sk\/sk\/wp-json\/wp\/v2\/pages"}],"about":[{"href":"https:\/\/cortelazzi.sk\/sk\/wp-json\/wp\/v2\/types\/page"}],"author":[{"embeddable":true,"href":"https:\/\/cortelazzi.sk\/sk\/wp-json\/wp\/v2\/users\/1"}],"replies":[{"embeddable":true,"href":"https:\/\/cortelazzi.sk\/sk\/wp-json\/wp\/v2\/comments?post=16151"}],"version-history":[{"count":7,"href":"https:\/\/cortelazzi.sk\/sk\/wp-json\/wp\/v2\/pages\/16151\/revisions"}],"predecessor-version":[{"id":16191,"href":"https:\/\/cortelazzi.sk\/sk\/wp-json\/wp\/v2\/pages\/16151\/revisions\/16191"}],"wp:attachment":[{"href":"https:\/\/cortelazzi.sk\/sk\/wp-json\/wp\/v2\/media?parent=16151"}],"curies":[{"name":"wp","href":"https:\/\/api.w.org\/{rel}","templated":true}]}}