{"id":15667,"date":"2024-07-23T17:57:31","date_gmt":"2024-07-23T15:57:31","guid":{"rendered":"https:\/\/cortelazzi.sk\/menu-del-giorno\/"},"modified":"2024-10-24T15:18:31","modified_gmt":"2024-10-24T13:18:31","slug":"denne-menu","status":"publish","type":"page","link":"https:\/\/cortelazzi.sk\/sk\/denne-menu\/","title":{"rendered":"Re\u0161taur\u00e1cia &#8211; denn\u00e9 menu"},"content":{"rendered":"\t\t<div data-elementor-type=\"wp-page\" data-elementor-id=\"15667\" class=\"elementor elementor-15667 elementor-8434\">\n\t\t\t\t\t\t<section class=\"elementor-section elementor-top-section elementor-element elementor-element-aa92684 elementor-section-full_width elementor-section-height-min-height elementor-section-stretched elementor-section-height-default elementor-section-items-middle\" data-id=\"aa92684\" data-element_type=\"section\" data-settings=\"{&quot;stretch_section&quot;:&quot;section-stretched&quot;,&quot;background_background&quot;:&quot;classic&quot;}\">\n\t\t\t\t\t\t\t<div class=\"elementor-background-overlay\"><\/div>\n\t\t\t\t\t\t\t<div class=\"elementor-container elementor-column-gap-default\">\n\t\t\t\t\t<div class=\"elementor-column elementor-col-100 elementor-top-column elementor-element elementor-element-193529f\" data-id=\"193529f\" data-element_type=\"column\">\n\t\t\t<div class=\"elementor-widget-wrap elementor-element-populated\">\n\t\t\t\t\t\t<div class=\"elementor-element elementor-element-5667fdc rockbold elementor-widget elementor-widget-heading\" data-id=\"5667fdc\" data-element_type=\"widget\" data-widget_type=\"heading.default\">\n\t\t\t\t<div class=\"elementor-widget-container\">\n\t\t\t\t\t<h1 class=\"elementor-heading-title elementor-size-default\">Denn\u00e9 menu\n<\/h1>\t\t\t\t<\/div>\n\t\t\t\t<\/div>\n\t\t\t\t\t<\/div>\n\t\t<\/div>\n\t\t\t\t\t<\/div>\n\t\t<\/section>\n\t\t\t\t<section class=\"elementor-section elementor-top-section elementor-element elementor-element-85b3e6c elementor-section-boxed elementor-section-height-default elementor-section-height-default\" data-id=\"85b3e6c\" data-element_type=\"section\">\n\t\t\t\t\t\t<div class=\"elementor-container elementor-column-gap-default\">\n\t\t\t\t\t<div class=\"elementor-column elementor-col-100 elementor-top-column elementor-element elementor-element-8ef1483\" data-id=\"8ef1483\" data-element_type=\"column\">\n\t\t\t<div class=\"elementor-widget-wrap elementor-element-populated\">\n\t\t\t\t\t\t<div class=\"elementor-element elementor-element-ae765c0 elementor-widget elementor-widget-shortcode\" data-id=\"ae765c0\" data-element_type=\"widget\" data-widget_type=\"shortcode.default\">\n\t\t\t\t<div class=\"elementor-widget-container\">\n\t\t\t\t\t\t\t<div class=\"elementor-shortcode\"><div class=\"_3d-flip-book  fb3d-thumbnail-lightbox-mode\" data-id=\"15466\" data-mode=\"thumbnail-lightbox\" data-title=\"false\" data-template=\"short-white-book-view\" data-lightbox=\"dark-shadow\" data-urlparam=\"fb3d-page\" data-page-n=\"0\" data-pdf=\"\" data-tax=\"null\" data-thumbnail=\"\" data-cols=\"3\" data-book-template=\"default\" data-trigger=\"\"><\/div><script type=\"text\/javascript\">window.FB3D_CLIENT_DATA = window.FB3D_CLIENT_DATA || [];window.FB3D_CLIENT_DATA.push('eyJwb3N0cyI6eyIxNTQ2NiI6eyJJRCI6MTU0NjYsInRpdGxlIjoiUklTVE9SQU5URSAtIE1FTlUgREVMIEdJT1JOTyBTSyIsInR5cGUiOiJwZGYiLCJyZWFkeV9mdW5jdGlvbiI6IiIsImJvb2tfc3R5bGUiOiJmbGF0IiwiYm9va190ZW1wbGF0ZSI6Im5vbmUiLCJvdXRsaW5lIjpbXSwiZGF0YSI6eyJwb3N0X0lEIjoiMTg2NTMiLCJndWlkIjoiaHR0cHM6XC9cL2NvcnRlbGF6emkuc2tcL3dwLWNvbnRlbnRcL3VwbG9hZHNcLzIwMjRcLzA5XC9NZW51LUFUVFVBTEUtQUdHSU9STkFUTy1CcmF0aXNsYXZhLV9jb21wcmVzc2VkLTEucGRmIiwicGRmX3BhZ2VzIjoiOCIsInBhZ2VzX2N1c3RvbWl6YXRpb24iOiJub25lIn0sInRodW1ibmFpbCI6eyJkYXRhIjp7InBvc3RfSUQiOiIxNjE2NiIsIm1lZGlhSW1hZ2UiOnsid2lkdGgiOjg0OSwiaGVpZ2h0IjoxMTkyLCJmaWxlIjoiMjAyNFwvMDlcL0NvcGVydGluYV9NZW51LVJpc3RvcmFudGVfQlJBVElTTEFWQV84NDkteC0xMTkyLmpwZyIsImZpbGVzaXplIjo1NzczMzgsInNpemVzIjp7Im1lZGl1bSI6eyJmaWxlIjoiQ29wZXJ0aW5hX01lbnUtUmlzdG9yYW50ZV9CUkFUSVNMQVZBXzg0OS14LTExOTItMjE0eDMwMC5qcGciLCJ3aWR0aCI6MjE0LCJoZWlnaHQiOjMwMCwibWltZS10eXBlIjoiaW1hZ2VcL2pwZWciLCJmaWxlc2l6ZSI6MjA5Mzd9LCJsYXJnZSI6eyJmaWxlIjoiQ29wZXJ0aW5hX01lbnUtUmlzdG9yYW50ZV9CUkFUSVNMQVZBXzg0OS14LTExOTItNzI5eDEwMjQuanBnIiwid2lkdGgiOjcyOSwiaGVpZ2h0IjoxMDI0LCJtaW1lLXR5cGUiOiJpbWFnZVwvanBlZyIsImZpbGVzaXplIjoxMjg3MDh9LCJ0aHVtYm5haWwiOnsiZmlsZSI6IkNvcGVydGluYV9NZW51LVJpc3RvcmFudGVfQlJBVElTTEFWQV84NDkteC0xMTkyLTE1MHgxNTAuanBnIiwid2lkdGgiOjE1MCwiaGVpZ2h0IjoxNTAsIm1pbWUtdHlwZSI6ImltYWdlXC9qcGVnIiwiZmlsZXNpemUiOjExMzA2fSwibWVkaXVtX2xhcmdlIjp7ImZpbGUiOiJDb3BlcnRpbmFfTWVudS1SaXN0b3JhbnRlX0JSQVRJU0xBVkFfODQ5LXgtMTE5Mi03Njh4MTA3OC5qcGciLCJ3aWR0aCI6NzY4LCJoZWlnaHQiOjEwNzgsIm1pbWUtdHlwZSI6ImltYWdlXC9qcGVnIiwiZmlsZXNpemUiOjE0MDMyOH0sInBvc3QtdGh1bWJuYWlsIjp7ImZpbGUiOiJDb3BlcnRpbmFfTWVudS1SaXN0b3JhbnRlX0JSQVRJU0xBVkFfODQ5LXgtMTE5Mi04NDl4NTY1LmpwZyIsIndpZHRoIjo4NDksImhlaWdodCI6NTY1LCJtaW1lLXR5cGUiOiJpbWFnZVwvanBlZyIsImZpbGVzaXplIjoxMzc4ODN9LCJmcmVzaGlvLXJlY2VudC1wb3N0Ijp7ImZpbGUiOiJDb3BlcnRpbmFfTWVudS1SaXN0b3JhbnRlX0JSQVRJU0xBVkFfODQ5LXgtMTE5Mi0xMDB4MTAwLmpwZyIsIndpZHRoIjoxMDAsImhlaWdodCI6MTAwLCJtaW1lLXR5cGUiOiJpbWFnZVwvanBlZyIsImZpbGVzaXplIjo3MzcxfSwiZnJlc2hpby1wb3N0LWdyaWQiOnsiZmlsZSI6IkNvcGVydGluYV9NZW51LVJpc3RvcmFudGVfQlJBVElTTEFWQV84NDkteC0xMTkyLTg0OXg1MjcuanBnIiwid2lkdGgiOjg0OSwiaGVpZ2h0Ijo1MjcsIm1pbWUtdHlwZSI6ImltYWdlXC9qcGVnIiwiZmlsZXNpemUiOjEyOTM3Mn0sImZyZXNoaW8tcG9zdC1ncmlkLTIiOnsiZmlsZSI6IkNvcGVydGluYV9NZW51LVJpc3RvcmFudGVfQlJBVElTTEFWQV84NDkteC0xMTkyLTM4M3g1MTMuanBnIiwid2lkdGgiOjM4MywiaGVpZ2h0Ijo1MTMsIm1pbWUtdHlwZSI6ImltYWdlXC9qcGVnIiwiZmlsZXNpemUiOjQ3NzY0fX0sImltYWdlX21ldGEiOnsiYXBlcnR1cmUiOiIwIiwiY3JlZGl0IjoiIiwiY2FtZXJhIjoiIiwiY2FwdGlvbiI6IiIsImNyZWF0ZWRfdGltZXN0YW1wIjoiMCIsImNvcHlyaWdodCI6IiIsImZvY2FsX2xlbmd0aCI6IjAiLCJpc28iOiIwIiwic2h1dHRlcl9zcGVlZCI6IjAiLCJ0aXRsZSI6IiIsIm9yaWVudGF0aW9uIjoiMCIsImtleXdvcmRzIjpbXX0sInBhcmVudF91cmwiOiJodHRwczpcL1wvY29ydGVsYXp6aS5za1wvd3AtY29udGVudFwvdXBsb2Fkc1wvMjAyNFwvMDlcLyIsImlkIjoxNjE2NX19LCJ0eXBlIjoibWVkaWFJbWFnZSJ9LCJwcm9wcyI6eyJiYWNrZ3JvdW5kQ29sb3IiOiJhdXRvIiwiYmFja2dyb3VuZEltYWdlIjoiYXV0byIsImJhY2tncm91bmRTdHlsZSI6ImF1dG8iLCJoaWdobGlnaHRMaW5rcyI6ImF1dG8iLCJsaWdodGluZyI6ImF1dG8iLCJzaW5nbGVQYWdlTW9kZSI6ImF1dG8iLCJjYWNoZWRQYWdlcyI6ImF1dG8iLCJyZW5kZXJJbmFjdGl2ZVBhZ2VzIjoiYXV0byIsInJlbmRlckluYWN0aXZlUGFnZXNPbk1vYmlsZSI6ImF1dG8iLCJyZW5kZXJXaGlsZUZsaXBwaW5nIjoiYXV0byIsInByZWxvYWRQYWdlcyI6ImF1dG8iLCJhdXRvUGxheUR1cmF0aW9uIjoiYXV0byIsInJ0bCI6ImF1dG8iLCJpbnRlcmFjdGl2ZUNvcm5lcnMiOiJhdXRvIiwibWF4RGVwdGgiOiJhdXRvIiwic2hlZXQiOnsic3RhcnRWZWxvY2l0eSI6ImF1dG8iLCJ3YXZlIjoiYXV0byIsInNoYXBlIjoiYXV0byIsIndpZHRoVGV4ZWxzIjoiYXV0byIsImNvbG9yIjoiYXV0byIsInNpZGUiOiJhdXRvIiwic3RyZXRjaEltYWdlcyI6ImF1dG8iLCJjb3JuZXJEZXZpYXRpb24iOiJhdXRvIiwiZmxleGliaWxpdHkiOiJhdXRvIiwiZmxleGlibGVDb3JuZXIiOiJhdXRvIiwiYmVuZGluZyI6ImF1dG8iLCJoZWlnaHRUZXhlbHMiOiJhdXRvIn0sImNvdmVyIjp7IndhdmUiOiJhdXRvIiwiY29sb3IiOiJhdXRvIiwic2lkZSI6ImF1dG8iLCJzdHJldGNoSW1hZ2VzIjoiYXV0byIsImJpbmRlclRleHR1cmUiOiJhdXRvIiwiZGVwdGgiOiJhdXRvIiwicGFkZGluZyI6ImF1dG8iLCJzdGFydFZlbG9jaXR5IjoiYXV0byIsImZsZXhpYmlsaXR5IjoiYXV0byIsImZsZXhpYmxlQ29ybmVyIjoiYXV0byIsImJlbmRpbmciOiJhdXRvIiwid2lkdGhUZXhlbHMiOiJhdXRvIiwiaGVpZ2h0VGV4ZWxzIjoiYXV0byIsIm1hc3MiOiJhdXRvIiwic2hhcGUiOiJhdXRvIn0sInBhZ2UiOnsid2F2ZSI6ImF1dG8iLCJjb2xvciI6ImF1dG8iLCJzaWRlIjoiYXV0byIsInN0cmV0Y2hJbWFnZXMiOiJhdXRvIiwiZGVwdGgiOiJhdXRvIiwic3RhcnRWZWxvY2l0eSI6ImF1dG8iLCJmbGV4aWJpbGl0eSI6ImF1dG8iLCJmbGV4aWJsZUNvcm5lciI6ImF1dG8iLCJiZW5kaW5nIjoiYXV0byIsIndpZHRoVGV4ZWxzIjoiYXV0byIsImhlaWdodFRleGVscyI6ImF1dG8iLCJtYXNzIjoiYXV0byIsInNoYXBlIjoiYXV0byJ9LCJoZWlnaHQiOiJhdXRvIiwid2lkdGgiOiJhdXRvIiwiZ3Jhdml0eSI6ImF1dG8iLCJwYWdlc0ZvclByZWRpY3RpbmciOiJhdXRvIn0sImNvbnRyb2xQcm9wcyI6eyJhY3Rpb25zIjp7ImNtZFRvYyI6eyJlbmFibGVkIjoiYXV0byIsImVuYWJsZWRJbk5hcnJvdyI6ImF1dG8iLCJhY3RpdmUiOiJhdXRvIiwiZGVmYXVsdFRhYiI6ImF1dG8ifSwiY21kQXV0b1BsYXkiOnsiZW5hYmxlZCI6ImF1dG8iLCJlbmFibGVkSW5OYXJyb3ciOiJhdXRvIiwiYWN0aXZlIjoiYXV0byJ9LCJjbWRTYXZlIjp7ImVuYWJsZWQiOiJhdXRvIiwiZW5hYmxlZEluTmFycm93IjoiYXV0byJ9LCJjbWRQcmludCI6eyJlbmFibGVkIjoiYXV0byIsImVuYWJsZWRJbk5hcnJvdyI6ImF1dG8ifSwiY21kU2luZ2xlUGFnZSI6eyJlbmFibGVkIjoiYXV0byIsImVuYWJsZWRJbk5hcnJvdyI6ImF1dG8iLCJhY3RpdmUiOiJhdXRvIiwiYWN0aXZlRm9yTW9iaWxlIjoiYXV0byJ9LCJ3aWRUb29sYmFyIjp7ImVuYWJsZWQiOiJhdXRvIiwiZW5hYmxlZEluTmFycm93IjoiYXV0byJ9fX0sImF1dG9UaHVtYm5haWwiOm51bGwsInBvc3RfbmFtZSI6Im1lbnUtZGVsLWdpb3JubyIsInBvc3RfdHlwZSI6IjNkLWZsaXAtYm9vayJ9fSwicGFnZXMiOltdLCJmaXJzdFBhZ2VzIjpbXX0=');window.FB3D_CLIENT_LOCALE && window.FB3D_CLIENT_LOCALE.render();<\/script><\/div>\n\t\t\t\t\t\t<\/div>\n\t\t\t\t<\/div>\n\t\t\t\t<div class=\"elementor-element elementor-element-39cd271 elementor-widget elementor-widget-html\" data-id=\"39cd271\" data-element_type=\"widget\" data-widget_type=\"html.default\">\n\t\t\t\t<div class=\"elementor-widget-container\">\n\t\t\t\t\t<style>\n.elementor-shortcode {\n display: flex!important; \n justify-content: center!important;\n}\n\n.elementor-12381 .elementor-element.elementor-element-e7d19ad .menu-item a.hfe-menu-item, .elementor-12381 .elementor-element.elementor-element-e7d19ad .sub-menu a.hfe-sub-menu-item {\n    color: #ffffff;} \n\nsection.elementor-section.elementor-top-section.elementor-element.elementor-element-9e15212.elementor-section-full_width.elementor-section-content-middle.elementor-section-stretched.headerdesktop.elementor-hidden-tablet.elementor-hidden-mobile.elementor-hidden-laptop.elementor-section-height-default.elementor-section-height-default{\n  background: rgb(0,0,0);\nbackground: linear-gradient(180deg, rgba(0, 0, 0, 0.5514998235622374) 27%, rgb(0 0 0 \/ 44%) 52%, rgba(0, 0, 0, 0) 100%);\n}\n.elementor-8563 .elementor-element.elementor-element-b9c8a08 .menu-item a.hfe-menu-item, .elementor-8563 .elementor-element.elementor-element-b9c8a08 .sub-menu a.hfe-sub-menu-item {\n    color: #ffffff;\n}\nul.sub-menu li a {\n    color: #00520A !important;\n}\n.elementor-social-icons-wrapper.elementor-grid i {\n    color: #fff !important;\n}\n<\/style>\t\t\t\t<\/div>\n\t\t\t\t<\/div>\n\t\t\t\t\t<\/div>\n\t\t<\/div>\n\t\t\t\t\t<\/div>\n\t\t<\/section>\n\t\t\t\t<\/div>\n\t\t","protected":false},"excerpt":{"rendered":"<p>Denn\u00e9 menu<\/p>\n","protected":false},"author":1,"featured_media":11146,"parent":0,"menu_order":0,"comment_status":"closed","ping_status":"closed","template":"","meta":{"inline_featured_image":false,"footnotes":"","_links_to":"","_links_to_target":""},"class_list":["post-15667","page","type-page","status-publish","has-post-thumbnail","hentry"],"yoast_head":"<!-- This site is optimized with the Yoast SEO plugin v27.5 - https:\/\/yoast.com\/product\/yoast-seo-wordpress\/ -->\n<title>Talianska re\u0161taur\u00e1cia: menu d\u0148a v Bratislave - Cortelazzi<\/title>\n<meta name=\"description\" content=\"V na\u0161ej talianskej re\u0161taur\u00e1cii n\u00e1jdete kompletn\u00fd jed\u00e1lny l\u00edstok typick\u00fdch jed\u00e1l talianskej kuchyne z t\u00fdch najkvalitnej\u0161\u00edch surov\u00edn.\" \/>\n<meta name=\"robots\" content=\"index, follow, max-snippet:-1, max-image-preview:large, max-video-preview:-1\" \/>\n<link rel=\"canonical\" href=\"https:\/\/cortelazzi.sk\/menu-del-giorno\/\" \/>\n<meta property=\"og:locale\" content=\"sk_SK\" \/>\n<meta property=\"og:type\" content=\"article\" \/>\n<meta property=\"og:title\" content=\"Talianska re\u0161taur\u00e1cia: menu d\u0148a v Bratislave - Cortelazzi\" \/>\n<meta property=\"og:description\" content=\"V na\u0161ej talianskej re\u0161taur\u00e1cii n\u00e1jdete kompletn\u00fd jed\u00e1lny l\u00edstok typick\u00fdch jed\u00e1l talianskej kuchyne z t\u00fdch najkvalitnej\u0161\u00edch surov\u00edn.\" \/>\n<meta property=\"og:url\" content=\"https:\/\/cortelazzi.sk\/menu-del-giorno\/\" \/>\n<meta property=\"og:site_name\" content=\"Cortelazzi\" \/>\n<meta property=\"article:modified_time\" content=\"2024-10-24T13:18:31+00:00\" \/>\n<meta property=\"og:image\" content=\"https:\/\/cortelazzi.sk\/wp-content\/uploads\/2024\/08\/Ristorante_Header-1.jpg\" \/>\n\t<meta property=\"og:image:width\" content=\"1920\" \/>\n\t<meta property=\"og:image:height\" content=\"950\" \/>\n\t<meta property=\"og:image:type\" content=\"image\/jpeg\" \/>\n<meta name=\"twitter:card\" content=\"summary_large_image\" \/>\n<meta name=\"twitter:label1\" content=\"Predpokladan\u00fd \u010das \u010d\u00edtania\" \/>\n\t<meta name=\"twitter:data1\" content=\"1 min\u00fata\" \/>\n<script type=\"application\/ld+json\" class=\"yoast-schema-graph\">{\"@context\":\"https:\\\/\\\/schema.org\",\"@graph\":[{\"@type\":\"WebPage\",\"@id\":\"https:\\\/\\\/cortelazzi.sk\\\/menu-del-giorno\\\/\",\"url\":\"https:\\\/\\\/cortelazzi.sk\\\/menu-del-giorno\\\/\",\"name\":\"Talianska re\u0161taur\u00e1cia: menu d\u0148a v Bratislave - Cortelazzi\",\"isPartOf\":{\"@id\":\"https:\\\/\\\/cortelazzi.sk\\\/#website\"},\"primaryImageOfPage\":{\"@id\":\"https:\\\/\\\/cortelazzi.sk\\\/menu-del-giorno\\\/#primaryimage\"},\"image\":{\"@id\":\"https:\\\/\\\/cortelazzi.sk\\\/menu-del-giorno\\\/#primaryimage\"},\"thumbnailUrl\":\"https:\\\/\\\/cortelazzi.sk\\\/wp-content\\\/uploads\\\/2024\\\/08\\\/Ristorante_Header-1.jpg\",\"datePublished\":\"2024-07-23T15:57:31+00:00\",\"dateModified\":\"2024-10-24T13:18:31+00:00\",\"description\":\"V na\u0161ej talianskej re\u0161taur\u00e1cii n\u00e1jdete kompletn\u00fd jed\u00e1lny l\u00edstok typick\u00fdch jed\u00e1l talianskej kuchyne z t\u00fdch najkvalitnej\u0161\u00edch surov\u00edn.\",\"breadcrumb\":{\"@id\":\"https:\\\/\\\/cortelazzi.sk\\\/menu-del-giorno\\\/#breadcrumb\"},\"inLanguage\":\"sk-SK\",\"potentialAction\":[{\"@type\":\"ReadAction\",\"target\":[\"https:\\\/\\\/cortelazzi.sk\\\/menu-del-giorno\\\/\"]}]},{\"@type\":\"ImageObject\",\"inLanguage\":\"sk-SK\",\"@id\":\"https:\\\/\\\/cortelazzi.sk\\\/menu-del-giorno\\\/#primaryimage\",\"url\":\"https:\\\/\\\/cortelazzi.sk\\\/wp-content\\\/uploads\\\/2024\\\/08\\\/Ristorante_Header-1.jpg\",\"contentUrl\":\"https:\\\/\\\/cortelazzi.sk\\\/wp-content\\\/uploads\\\/2024\\\/08\\\/Ristorante_Header-1.jpg\",\"width\":1920,\"height\":950,\"caption\":\"Ristorante italiano\"},{\"@type\":\"BreadcrumbList\",\"@id\":\"https:\\\/\\\/cortelazzi.sk\\\/menu-del-giorno\\\/#breadcrumb\",\"itemListElement\":[{\"@type\":\"ListItem\",\"position\":1,\"name\":\"Home\",\"item\":\"https:\\\/\\\/cortelazzi.sk\\\/sk\\\/\"},{\"@type\":\"ListItem\",\"position\":2,\"name\":\"Re\u0161taur\u00e1cia &#8211; denn\u00e9 menu\"}]},{\"@type\":\"WebSite\",\"@id\":\"https:\\\/\\\/cortelazzi.sk\\\/#website\",\"url\":\"https:\\\/\\\/cortelazzi.sk\\\/\",\"name\":\"Cortelazzi\",\"description\":\"Food service\",\"potentialAction\":[{\"@type\":\"SearchAction\",\"target\":{\"@type\":\"EntryPoint\",\"urlTemplate\":\"https:\\\/\\\/cortelazzi.sk\\\/?s={search_term_string}\"},\"query-input\":{\"@type\":\"PropertyValueSpecification\",\"valueRequired\":true,\"valueName\":\"search_term_string\"}}],\"inLanguage\":\"sk-SK\"}]}<\/script>\n<!-- \/ Yoast SEO plugin. -->","yoast_head_json":{"title":"Talianska re\u0161taur\u00e1cia: menu d\u0148a v Bratislave - Cortelazzi","description":"V na\u0161ej talianskej re\u0161taur\u00e1cii n\u00e1jdete kompletn\u00fd jed\u00e1lny l\u00edstok typick\u00fdch jed\u00e1l talianskej kuchyne z t\u00fdch najkvalitnej\u0161\u00edch surov\u00edn.","robots":{"index":"index","follow":"follow","max-snippet":"max-snippet:-1","max-image-preview":"max-image-preview:large","max-video-preview":"max-video-preview:-1"},"canonical":"https:\/\/cortelazzi.sk\/menu-del-giorno\/","og_locale":"sk_SK","og_type":"article","og_title":"Talianska re\u0161taur\u00e1cia: menu d\u0148a v Bratislave - Cortelazzi","og_description":"V na\u0161ej talianskej re\u0161taur\u00e1cii n\u00e1jdete kompletn\u00fd jed\u00e1lny l\u00edstok typick\u00fdch jed\u00e1l talianskej kuchyne z t\u00fdch najkvalitnej\u0161\u00edch surov\u00edn.","og_url":"https:\/\/cortelazzi.sk\/menu-del-giorno\/","og_site_name":"Cortelazzi","article_modified_time":"2024-10-24T13:18:31+00:00","og_image":[{"width":1920,"height":950,"url":"https:\/\/cortelazzi.sk\/wp-content\/uploads\/2024\/08\/Ristorante_Header-1.jpg","type":"image\/jpeg"}],"twitter_card":"summary_large_image","twitter_misc":{"Predpokladan\u00fd \u010das \u010d\u00edtania":"1 min\u00fata"},"schema":{"@context":"https:\/\/schema.org","@graph":[{"@type":"WebPage","@id":"https:\/\/cortelazzi.sk\/menu-del-giorno\/","url":"https:\/\/cortelazzi.sk\/menu-del-giorno\/","name":"Talianska re\u0161taur\u00e1cia: menu d\u0148a v Bratislave - Cortelazzi","isPartOf":{"@id":"https:\/\/cortelazzi.sk\/#website"},"primaryImageOfPage":{"@id":"https:\/\/cortelazzi.sk\/menu-del-giorno\/#primaryimage"},"image":{"@id":"https:\/\/cortelazzi.sk\/menu-del-giorno\/#primaryimage"},"thumbnailUrl":"https:\/\/cortelazzi.sk\/wp-content\/uploads\/2024\/08\/Ristorante_Header-1.jpg","datePublished":"2024-07-23T15:57:31+00:00","dateModified":"2024-10-24T13:18:31+00:00","description":"V na\u0161ej talianskej re\u0161taur\u00e1cii n\u00e1jdete kompletn\u00fd jed\u00e1lny l\u00edstok typick\u00fdch jed\u00e1l talianskej kuchyne z t\u00fdch najkvalitnej\u0161\u00edch surov\u00edn.","breadcrumb":{"@id":"https:\/\/cortelazzi.sk\/menu-del-giorno\/#breadcrumb"},"inLanguage":"sk-SK","potentialAction":[{"@type":"ReadAction","target":["https:\/\/cortelazzi.sk\/menu-del-giorno\/"]}]},{"@type":"ImageObject","inLanguage":"sk-SK","@id":"https:\/\/cortelazzi.sk\/menu-del-giorno\/#primaryimage","url":"https:\/\/cortelazzi.sk\/wp-content\/uploads\/2024\/08\/Ristorante_Header-1.jpg","contentUrl":"https:\/\/cortelazzi.sk\/wp-content\/uploads\/2024\/08\/Ristorante_Header-1.jpg","width":1920,"height":950,"caption":"Ristorante italiano"},{"@type":"BreadcrumbList","@id":"https:\/\/cortelazzi.sk\/menu-del-giorno\/#breadcrumb","itemListElement":[{"@type":"ListItem","position":1,"name":"Home","item":"https:\/\/cortelazzi.sk\/sk\/"},{"@type":"ListItem","position":2,"name":"Re\u0161taur\u00e1cia &#8211; denn\u00e9 menu"}]},{"@type":"WebSite","@id":"https:\/\/cortelazzi.sk\/#website","url":"https:\/\/cortelazzi.sk\/","name":"Cortelazzi","description":"Food service","potentialAction":[{"@type":"SearchAction","target":{"@type":"EntryPoint","urlTemplate":"https:\/\/cortelazzi.sk\/?s={search_term_string}"},"query-input":{"@type":"PropertyValueSpecification","valueRequired":true,"valueName":"search_term_string"}}],"inLanguage":"sk-SK"}]}},"_links":{"self":[{"href":"https:\/\/cortelazzi.sk\/sk\/wp-json\/wp\/v2\/pages\/15667","targetHints":{"allow":["GET"]}}],"collection":[{"href":"https:\/\/cortelazzi.sk\/sk\/wp-json\/wp\/v2\/pages"}],"about":[{"href":"https:\/\/cortelazzi.sk\/sk\/wp-json\/wp\/v2\/types\/page"}],"author":[{"embeddable":true,"href":"https:\/\/cortelazzi.sk\/sk\/wp-json\/wp\/v2\/users\/1"}],"replies":[{"embeddable":true,"href":"https:\/\/cortelazzi.sk\/sk\/wp-json\/wp\/v2\/comments?post=15667"}],"version-history":[{"count":14,"href":"https:\/\/cortelazzi.sk\/sk\/wp-json\/wp\/v2\/pages\/15667\/revisions"}],"predecessor-version":[{"id":16132,"href":"https:\/\/cortelazzi.sk\/sk\/wp-json\/wp\/v2\/pages\/15667\/revisions\/16132"}],"wp:featuredmedia":[{"embeddable":true,"href":"https:\/\/cortelazzi.sk\/sk\/wp-json\/wp\/v2\/media\/11146"}],"wp:attachment":[{"href":"https:\/\/cortelazzi.sk\/sk\/wp-json\/wp\/v2\/media?parent=15667"}],"curies":[{"name":"wp","href":"https:\/\/api.w.org\/{rel}","templated":true}]}}