{"id":11929,"date":"2024-09-16T17:25:40","date_gmt":"2024-09-16T15:25:40","guid":{"rendered":"https:\/\/www.creativart.cloud\/cortelazzi\/?page_id=11929"},"modified":"2025-01-22T16:41:44","modified_gmt":"2025-01-22T15:41:44","slug":"akcie-taliansky-supermarket","status":"publish","type":"page","link":"https:\/\/cortelazzi.sk\/sk\/akcie-taliansky-supermarket\/","title":{"rendered":"Ak\u010dn\u00e1 ponuka talianskeho supermarketu 2222"},"content":{"rendered":"\t\t<div data-elementor-type=\"wp-page\" data-elementor-id=\"11929\" class=\"elementor elementor-11929\">\n\t\t\t\t\t\t<section class=\"elementor-section elementor-top-section elementor-element elementor-element-d91ac12 elementor-section-full_width elementor-section-height-min-height elementor-section-stretched elementor-section-height-default elementor-section-items-middle\" data-id=\"d91ac12\" data-element_type=\"section\" data-settings=\"{&quot;stretch_section&quot;:&quot;section-stretched&quot;,&quot;background_background&quot;:&quot;classic&quot;}\">\n\t\t\t\t\t\t<div class=\"elementor-container elementor-column-gap-default\">\n\t\t\t\t\t<div class=\"elementor-column elementor-col-100 elementor-top-column elementor-element elementor-element-5cc4c4c\" data-id=\"5cc4c4c\" data-element_type=\"column\">\n\t\t\t<div class=\"elementor-widget-wrap elementor-element-populated\">\n\t\t\t\t\t\t<div class=\"elementor-element elementor-element-a7c2e04 rockbold elementor-widget elementor-widget-heading\" data-id=\"a7c2e04\" data-element_type=\"widget\" data-widget_type=\"heading.default\">\n\t\t\t\t<div class=\"elementor-widget-container\">\n\t\t\t\t\t<h1 class=\"elementor-heading-title elementor-size-default\">Akcie<br>Taliansky supermarket<\/h1>\t\t\t\t<\/div>\n\t\t\t\t<\/div>\n\t\t\t\t<div class=\"elementor-element elementor-element-33fea39 elementor-hidden-mobile elementor-widget elementor-widget-text-editor\" data-id=\"33fea39\" data-element_type=\"widget\" data-widget_type=\"text-editor.default\">\n\t\t\t\t<div class=\"elementor-widget-container\">\n\t\t\t\t\t\t\t\t\t<p>Najlep\u0161ie talianske produkty priamo k v\u00e1m domov<br \/>s n\u00e1kupom v na\u0161om talianskom supermarkete.<\/p>\t\t\t\t\t\t\t\t<\/div>\n\t\t\t\t<\/div>\n\t\t\t\t<div class=\"elementor-element elementor-element-5ac7719 elementor-hidden-desktop elementor-hidden-laptop elementor-hidden-tablet elementor-widget elementor-widget-text-editor\" data-id=\"5ac7719\" data-element_type=\"widget\" data-widget_type=\"text-editor.default\">\n\t\t\t\t<div class=\"elementor-widget-container\">\n\t\t\t\t\t\t\t\t\t<p>Najlep\u0161ie talianske produkty priamo k v\u00e1m domov s n\u00e1kupom v na\u0161om talianskom supermarkete.<\/p>\t\t\t\t\t\t\t\t<\/div>\n\t\t\t\t<\/div>\n\t\t\t\t\t<\/div>\n\t\t<\/div>\n\t\t\t\t\t<\/div>\n\t\t<\/section>\n\t\t\t\t<section class=\"elementor-section elementor-top-section elementor-element elementor-element-745c2b4 elementor-section-stretched elementor-section-boxed elementor-section-height-default elementor-section-height-default\" data-id=\"745c2b4\" data-element_type=\"section\" data-settings=\"{&quot;stretch_section&quot;:&quot;section-stretched&quot;,&quot;background_background&quot;:&quot;classic&quot;}\">\n\t\t\t\t\t\t<div class=\"elementor-container elementor-column-gap-default\">\n\t\t\t\t\t<div class=\"elementor-column elementor-col-100 elementor-top-column elementor-element elementor-element-cc8d966\" data-id=\"cc8d966\" data-element_type=\"column\">\n\t\t\t<div class=\"elementor-widget-wrap elementor-element-populated\">\n\t\t\t\t\t\t<div class=\"elementor-element elementor-element-ca60bee elementor-widget__width-auto elementor-absolute parallax-image-inverse elementor-widget elementor-widget-image\" data-id=\"ca60bee\" data-element_type=\"widget\" data-settings=\"{&quot;_position&quot;:&quot;absolute&quot;}\" data-widget_type=\"image.default\">\n\t\t\t\t<div class=\"elementor-widget-container\">\n\t\t\t\t\t\t\t\t\t\t\t\t\t\t\t<img decoding=\"async\" width=\"200\" height=\"153\" src=\"https:\/\/cortelazzi.sk\/wp-content\/uploads\/2024\/10\/foglia-basilico_11-e1723131584838.png\" class=\"attachment-full size-full wp-image-15597\" alt=\"\" \/>\t\t\t\t\t\t\t\t\t\t\t\t\t\t\t<\/div>\n\t\t\t\t<\/div>\n\t\t\t\t\t<\/div>\n\t\t<\/div>\n\t\t\t\t\t<\/div>\n\t\t<\/section>\n\t\t\t\t<section class=\"elementor-section elementor-top-section elementor-element elementor-element-7619021 elementor-section-boxed elementor-section-height-default elementor-section-height-default\" data-id=\"7619021\" data-element_type=\"section\">\n\t\t\t\t\t\t<div class=\"elementor-container elementor-column-gap-default\">\n\t\t\t\t\t<div class=\"elementor-column elementor-col-100 elementor-top-column elementor-element elementor-element-85dbde8\" data-id=\"85dbde8\" data-element_type=\"column\">\n\t\t\t<div class=\"elementor-widget-wrap elementor-element-populated\">\n\t\t\t\t\t\t<div class=\"elementor-element elementor-element-6f23373 elementor-widget elementor-widget-html\" data-id=\"6f23373\" data-element_type=\"widget\" data-widget_type=\"html.default\">\n\t\t\t\t<div class=\"elementor-widget-container\">\n\t\t\t\t\t<div class=\"_3d-flip-book  fb3d-thumbnail-lightbox-mode\" data-id=\"15467\" data-mode=\"thumbnail-lightbox\" data-title=\"false\" data-template=\"short-white-book-view\" data-lightbox=\"dark-shadow\" data-urlparam=\"fb3d-page\" data-page-n=\"0\" data-pdf=\"\" data-tax=\"null\" data-thumbnail=\"\" data-cols=\"3\" data-book-template=\"default\" data-trigger=\"\"><\/div><script type=\"text\/javascript\">window.FB3D_CLIENT_DATA = window.FB3D_CLIENT_DATA || [];window.FB3D_CLIENT_DATA.push('eyJwb3N0cyI6eyIxNTQ2NyI6eyJJRCI6MTU0NjcsInRpdGxlIjoiU1VQRVJNQVJLRVQgLSBQUk9NT1pJT05JIG9kIDAxLjA1LjI2IGRvIDMxLjA1LjI2IiwidHlwZSI6InBkZiIsInJlYWR5X2Z1bmN0aW9uIjoiIiwiYm9va19zdHlsZSI6ImZsYXQiLCJib29rX3RlbXBsYXRlIjoibm9uZSIsIm91dGxpbmUiOltdLCJkYXRhIjp7InBvc3RfSUQiOiIxODc0MiIsImd1aWQiOiJodHRwczpcL1wvY29ydGVsYXp6aS5za1wvd3AtY29udGVudFwvdXBsb2Fkc1wvMjAyNFwvMDlcL09GRkVSVEEtU0stTUFHR0lPLTIwMjZfY29tcHJlc3NlZC5wZGYiLCJwZGZfcGFnZXMiOiIxMiIsInBhZ2VzX2N1c3RvbWl6YXRpb24iOiJub25lIn0sInRodW1ibmFpbCI6eyJkYXRhIjp7InBvc3RfSUQiOiIxODYxMSIsIm1lZGlhSW1hZ2UiOnsid2lkdGgiOjg0OSwiaGVpZ2h0IjoxMTkyLCJmaWxlIjoiMjAyNFwvMDlcL0NvcGVydGluYV9PZmZlcnRlLVdlYl9CUkFUSVNMQVZBX0dFTk5BSU8tMS5qcGciLCJmaWxlc2l6ZSI6NDgwNzgwLCJzaXplcyI6eyJtZWRpdW0iOnsiZmlsZSI6IkNvcGVydGluYV9PZmZlcnRlLVdlYl9CUkFUSVNMQVZBX0dFTk5BSU8tMS0yMTR4MzAwLmpwZyIsIndpZHRoIjoyMTQsImhlaWdodCI6MzAwLCJtaW1lLXR5cGUiOiJpbWFnZVwvanBlZyIsImZpbGVzaXplIjoyMjQ5M30sImxhcmdlIjp7ImZpbGUiOiJDb3BlcnRpbmFfT2ZmZXJ0ZS1XZWJfQlJBVElTTEFWQV9HRU5OQUlPLTEtNzI5eDEwMjQuanBnIiwid2lkdGgiOjcyOSwiaGVpZ2h0IjoxMDI0LCJtaW1lLXR5cGUiOiJpbWFnZVwvanBlZyIsImZpbGVzaXplIjoxMTkzMDB9LCJ0aHVtYm5haWwiOnsiZmlsZSI6IkNvcGVydGluYV9PZmZlcnRlLVdlYl9CUkFUSVNMQVZBX0dFTk5BSU8tMS0xNTB4MTUwLmpwZyIsIndpZHRoIjoxNTAsImhlaWdodCI6MTUwLCJtaW1lLXR5cGUiOiJpbWFnZVwvanBlZyIsImZpbGVzaXplIjoxMjc3Nn0sIm1lZGl1bV9sYXJnZSI6eyJmaWxlIjoiQ29wZXJ0aW5hX09mZmVydGUtV2ViX0JSQVRJU0xBVkFfR0VOTkFJTy0xLTc2OHgxMDc4LmpwZyIsIndpZHRoIjo3NjgsImhlaWdodCI6MTA3OCwibWltZS10eXBlIjoiaW1hZ2VcL2pwZWciLCJmaWxlc2l6ZSI6MTI4OTY2fSwicG9zdC10aHVtYm5haWwiOnsiZmlsZSI6IkNvcGVydGluYV9PZmZlcnRlLVdlYl9CUkFUSVNMQVZBX0dFTk5BSU8tMS04NDl4NTY1LmpwZyIsIndpZHRoIjo4NDksImhlaWdodCI6NTY1LCJtaW1lLXR5cGUiOiJpbWFnZVwvanBlZyIsImZpbGVzaXplIjoxMDkwNTB9LCJmcmVzaGlvLXJlY2VudC1wb3N0Ijp7ImZpbGUiOiJDb3BlcnRpbmFfT2ZmZXJ0ZS1XZWJfQlJBVElTTEFWQV9HRU5OQUlPLTEtMTAweDEwMC5qcGciLCJ3aWR0aCI6MTAwLCJoZWlnaHQiOjEwMCwibWltZS10eXBlIjoiaW1hZ2VcL2pwZWciLCJmaWxlc2l6ZSI6ODI1MH0sImZyZXNoaW8tcG9zdC1ncmlkIjp7ImZpbGUiOiJDb3BlcnRpbmFfT2ZmZXJ0ZS1XZWJfQlJBVElTTEFWQV9HRU5OQUlPLTEtODQ5eDcwMy5qcGciLCJ3aWR0aCI6ODQ5LCJoZWlnaHQiOjcwMywibWltZS10eXBlIjoiaW1hZ2VcL2pwZWciLCJmaWxlc2l6ZSI6MTI0MTMxfX0sImltYWdlX21ldGEiOnsiYXBlcnR1cmUiOiIwIiwiY3JlZGl0IjoiIiwiY2FtZXJhIjoiIiwiY2FwdGlvbiI6IiIsImNyZWF0ZWRfdGltZXN0YW1wIjoiMCIsImNvcHlyaWdodCI6IiIsImZvY2FsX2xlbmd0aCI6IjAiLCJpc28iOiIwIiwic2h1dHRlcl9zcGVlZCI6IjAiLCJ0aXRsZSI6IiIsIm9yaWVudGF0aW9uIjoiMCIsImtleXdvcmRzIjpbXX0sInBhcmVudF91cmwiOiJodHRwczpcL1wvY29ydGVsYXp6aS5za1wvd3AtY29udGVudFwvdXBsb2Fkc1wvMjAyNFwvMDlcLyIsImlkIjoxODYxMX19LCJ0eXBlIjoibWVkaWFJbWFnZSJ9LCJwcm9wcyI6eyJiYWNrZ3JvdW5kQ29sb3IiOiJhdXRvIiwiYmFja2dyb3VuZEltYWdlIjoiYXV0byIsImJhY2tncm91bmRTdHlsZSI6ImF1dG8iLCJoaWdobGlnaHRMaW5rcyI6ImF1dG8iLCJsaWdodGluZyI6ImF1dG8iLCJzaW5nbGVQYWdlTW9kZSI6ImF1dG8iLCJjYWNoZWRQYWdlcyI6ImF1dG8iLCJyZW5kZXJJbmFjdGl2ZVBhZ2VzIjoiYXV0byIsInJlbmRlckluYWN0aXZlUGFnZXNPbk1vYmlsZSI6ImF1dG8iLCJyZW5kZXJXaGlsZUZsaXBwaW5nIjoiYXV0byIsInByZWxvYWRQYWdlcyI6ImF1dG8iLCJhdXRvUGxheUR1cmF0aW9uIjoiYXV0byIsInJ0bCI6ImF1dG8iLCJpbnRlcmFjdGl2ZUNvcm5lcnMiOiJhdXRvIiwibWF4RGVwdGgiOiJhdXRvIiwic2hlZXQiOnsic3RhcnRWZWxvY2l0eSI6ImF1dG8iLCJ3YXZlIjoiYXV0byIsInNoYXBlIjoiYXV0byIsIndpZHRoVGV4ZWxzIjoiYXV0byIsImNvbG9yIjoiYXV0byIsInNpZGUiOiJhdXRvIiwic3RyZXRjaEltYWdlcyI6ImF1dG8iLCJjb3JuZXJEZXZpYXRpb24iOiJhdXRvIiwiZmxleGliaWxpdHkiOiJhdXRvIiwiZmxleGlibGVDb3JuZXIiOiJhdXRvIiwiYmVuZGluZyI6ImF1dG8iLCJoZWlnaHRUZXhlbHMiOiJhdXRvIn0sImNvdmVyIjp7IndhdmUiOiJhdXRvIiwiY29sb3IiOiJhdXRvIiwic2lkZSI6ImF1dG8iLCJzdHJldGNoSW1hZ2VzIjoiYXV0byIsImJpbmRlclRleHR1cmUiOiJhdXRvIiwiZGVwdGgiOiJhdXRvIiwicGFkZGluZyI6ImF1dG8iLCJzdGFydFZlbG9jaXR5IjoiYXV0byIsImZsZXhpYmlsaXR5IjoiYXV0byIsImZsZXhpYmxlQ29ybmVyIjoiYXV0byIsImJlbmRpbmciOiJhdXRvIiwid2lkdGhUZXhlbHMiOiJhdXRvIiwiaGVpZ2h0VGV4ZWxzIjoiYXV0byIsIm1hc3MiOiJhdXRvIiwic2hhcGUiOiJhdXRvIn0sInBhZ2UiOnsid2F2ZSI6ImF1dG8iLCJjb2xvciI6ImF1dG8iLCJzaWRlIjoiYXV0byIsInN0cmV0Y2hJbWFnZXMiOiJhdXRvIiwiZGVwdGgiOiJhdXRvIiwic3RhcnRWZWxvY2l0eSI6ImF1dG8iLCJmbGV4aWJpbGl0eSI6ImF1dG8iLCJmbGV4aWJsZUNvcm5lciI6ImF1dG8iLCJiZW5kaW5nIjoiYXV0byIsIndpZHRoVGV4ZWxzIjoiYXV0byIsImhlaWdodFRleGVscyI6ImF1dG8iLCJtYXNzIjoiYXV0byIsInNoYXBlIjoiYXV0byJ9LCJoZWlnaHQiOiJhdXRvIiwid2lkdGgiOiJhdXRvIiwiZ3Jhdml0eSI6ImF1dG8iLCJwYWdlc0ZvclByZWRpY3RpbmciOiJhdXRvIn0sImNvbnRyb2xQcm9wcyI6eyJhY3Rpb25zIjp7ImNtZFRvYyI6eyJlbmFibGVkIjoiYXV0byIsImVuYWJsZWRJbk5hcnJvdyI6ImF1dG8iLCJhY3RpdmUiOiJhdXRvIiwiZGVmYXVsdFRhYiI6ImF1dG8ifSwiY21kQXV0b1BsYXkiOnsiZW5hYmxlZCI6ImF1dG8iLCJlbmFibGVkSW5OYXJyb3ciOiJhdXRvIiwiYWN0aXZlIjoiYXV0byJ9LCJjbWRTYXZlIjp7ImVuYWJsZWQiOiJhdXRvIiwiZW5hYmxlZEluTmFycm93IjoiYXV0byJ9LCJjbWRQcmludCI6eyJlbmFibGVkIjoiYXV0byIsImVuYWJsZWRJbk5hcnJvdyI6ImF1dG8ifSwiY21kU2luZ2xlUGFnZSI6eyJlbmFibGVkIjoiYXV0byIsImVuYWJsZWRJbk5hcnJvdyI6ImF1dG8iLCJhY3RpdmUiOiJhdXRvIiwiYWN0aXZlRm9yTW9iaWxlIjoiYXV0byJ9LCJ3aWRUb29sYmFyIjp7ImVuYWJsZWQiOiJhdXRvIiwiZW5hYmxlZEluTmFycm93IjoiYXV0byJ9fX0sImF1dG9UaHVtYm5haWwiOm51bGwsInBvc3RfbmFtZSI6Im9mZmVydGEtc3BlY2lhbGUtZGFsLTE0LTEwLWFsLTE3LTExIiwicG9zdF90eXBlIjoiM2QtZmxpcC1ib29rIn19LCJwYWdlcyI6W10sImZpcnN0UGFnZXMiOltdfQ==');window.FB3D_CLIENT_LOCALE && window.FB3D_CLIENT_LOCALE.render();<\/script>\t\t\t\t<\/div>\n\t\t\t\t<\/div>\n\t\t\t\t<div class=\"elementor-element elementor-element-8f1e9ac elementor-widget elementor-widget-html\" data-id=\"8f1e9ac\" data-element_type=\"widget\" data-widget_type=\"html.default\">\n\t\t\t\t<div class=\"elementor-widget-container\">\n\t\t\t\t\t<style>\n\/*section.elementor-section.elementor-top-section.elementor-element.elementor-element-e9d05a8.elementor-section-full_width.elementor-section-content-middle.elementor-section-stretched.headerdesktop.elementor-hidden-tablet.elementor-hidden-mobile.elementor-hidden-laptop.elementor-section-height-default.elementor-section-height-default {\n  background: rgb(174,175,181);\nbackground: linear-gradient(180deg, rgba(174,175,181,0.5514998235622374) 27%, rgba(174,175,181,0.5907155098367471) 62%, rgba(174,175,181,0) 100%);\n}\n.elementor-8563 .elementor-element.elementor-element-b9c8a08 .menu-item a.hfe-menu-item, .elementor-8563 .elementor-element.elementor-element-b9c8a08 .sub-menu a.hfe-sub-menu-item {\n    color: #ffffff;\n}\nul.sub-menu li a {\n    color: #00520A !important;\n}*\/\n<\/style>\t\t\t\t<\/div>\n\t\t\t\t<\/div>\n\t\t\t\t\t<\/div>\n\t\t<\/div>\n\t\t\t\t\t<\/div>\n\t\t<\/section>\n\t\t\t\t<\/div>\n\t\t","protected":false},"excerpt":{"rendered":"<p>AkcieTaliansky supermarket Najlep\u0161ie talianske produkty priamo k v\u00e1m domovs n\u00e1kupom v na\u0161om talianskom supermarkete. Najlep\u0161ie talianske produkty priamo k v\u00e1m domov s n\u00e1kupom v na\u0161om talianskom supermarkete.<\/p>\n","protected":false},"author":1,"featured_media":11146,"parent":0,"menu_order":0,"comment_status":"closed","ping_status":"closed","template":"","meta":{"inline_featured_image":false,"footnotes":"","_links_to":"","_links_to_target":""},"class_list":["post-11929","page","type-page","status-publish","has-post-thumbnail","hentry"],"yoast_head":"<!-- This site is optimized with the Yoast SEO plugin v27.5 - https:\/\/yoast.com\/product\/yoast-seo-wordpress\/ -->\n<title>Ak\u010dn\u00e1 ponuka talianskeho supermarketu - Cortelazzi<\/title>\n<meta name=\"description\" content=\"Ak\u010dn\u00e1 ponuka talianskeho supermarketu.\" \/>\n<meta name=\"robots\" content=\"index, follow, max-snippet:-1, max-image-preview:large, max-video-preview:-1\" \/>\n<link rel=\"canonical\" href=\"https:\/\/cortelazzi.sk\/promozioni-italian-supermarket\/\" \/>\n<meta property=\"og:locale\" content=\"sk_SK\" \/>\n<meta property=\"og:type\" content=\"article\" \/>\n<meta property=\"og:title\" content=\"Ak\u010dn\u00e1 ponuka talianskeho supermarketu - Cortelazzi\" \/>\n<meta property=\"og:description\" content=\"Ak\u010dn\u00e1 ponuka talianskeho supermarketu.\" \/>\n<meta property=\"og:url\" content=\"https:\/\/cortelazzi.sk\/promozioni-italian-supermarket\/\" \/>\n<meta property=\"og:site_name\" content=\"Cortelazzi\" \/>\n<meta property=\"article:modified_time\" content=\"2025-01-22T15:41:44+00:00\" \/>\n<meta property=\"og:image\" content=\"https:\/\/cortelazzi.sk\/wp-content\/uploads\/2024\/08\/Ristorante_Header-1.jpg\" \/>\n\t<meta property=\"og:image:width\" content=\"1920\" \/>\n\t<meta property=\"og:image:height\" content=\"950\" \/>\n\t<meta property=\"og:image:type\" content=\"image\/jpeg\" \/>\n<meta name=\"twitter:card\" content=\"summary_large_image\" \/>\n<meta name=\"twitter:label1\" content=\"Predpokladan\u00fd \u010das \u010d\u00edtania\" \/>\n\t<meta name=\"twitter:data1\" content=\"1 min\u00fata\" \/>\n<script type=\"application\/ld+json\" class=\"yoast-schema-graph\">{\"@context\":\"https:\\\/\\\/schema.org\",\"@graph\":[{\"@type\":\"WebPage\",\"@id\":\"https:\\\/\\\/cortelazzi.sk\\\/promozioni-italian-supermarket\\\/\",\"url\":\"https:\\\/\\\/cortelazzi.sk\\\/promozioni-italian-supermarket\\\/\",\"name\":\"Ak\u010dn\u00e1 ponuka talianskeho supermarketu - Cortelazzi\",\"isPartOf\":{\"@id\":\"https:\\\/\\\/cortelazzi.sk\\\/#website\"},\"primaryImageOfPage\":{\"@id\":\"https:\\\/\\\/cortelazzi.sk\\\/promozioni-italian-supermarket\\\/#primaryimage\"},\"image\":{\"@id\":\"https:\\\/\\\/cortelazzi.sk\\\/promozioni-italian-supermarket\\\/#primaryimage\"},\"thumbnailUrl\":\"https:\\\/\\\/cortelazzi.sk\\\/wp-content\\\/uploads\\\/2024\\\/08\\\/Ristorante_Header-1.jpg\",\"datePublished\":\"2024-09-16T15:25:40+00:00\",\"dateModified\":\"2025-01-22T15:41:44+00:00\",\"description\":\"Ak\u010dn\u00e1 ponuka talianskeho supermarketu.\",\"breadcrumb\":{\"@id\":\"https:\\\/\\\/cortelazzi.sk\\\/promozioni-italian-supermarket\\\/#breadcrumb\"},\"inLanguage\":\"sk-SK\",\"potentialAction\":[{\"@type\":\"ReadAction\",\"target\":[\"https:\\\/\\\/cortelazzi.sk\\\/promozioni-italian-supermarket\\\/\"]}]},{\"@type\":\"ImageObject\",\"inLanguage\":\"sk-SK\",\"@id\":\"https:\\\/\\\/cortelazzi.sk\\\/promozioni-italian-supermarket\\\/#primaryimage\",\"url\":\"https:\\\/\\\/cortelazzi.sk\\\/wp-content\\\/uploads\\\/2024\\\/08\\\/Ristorante_Header-1.jpg\",\"contentUrl\":\"https:\\\/\\\/cortelazzi.sk\\\/wp-content\\\/uploads\\\/2024\\\/08\\\/Ristorante_Header-1.jpg\",\"width\":1920,\"height\":950,\"caption\":\"Ristorante italiano\"},{\"@type\":\"BreadcrumbList\",\"@id\":\"https:\\\/\\\/cortelazzi.sk\\\/promozioni-italian-supermarket\\\/#breadcrumb\",\"itemListElement\":[{\"@type\":\"ListItem\",\"position\":1,\"name\":\"Home\",\"item\":\"https:\\\/\\\/cortelazzi.sk\\\/sk\\\/\"},{\"@type\":\"ListItem\",\"position\":2,\"name\":\"Ak\u010dn\u00e1 ponuka talianskeho supermarketu\"}]},{\"@type\":\"WebSite\",\"@id\":\"https:\\\/\\\/cortelazzi.sk\\\/#website\",\"url\":\"https:\\\/\\\/cortelazzi.sk\\\/\",\"name\":\"Cortelazzi\",\"description\":\"Food service\",\"potentialAction\":[{\"@type\":\"SearchAction\",\"target\":{\"@type\":\"EntryPoint\",\"urlTemplate\":\"https:\\\/\\\/cortelazzi.sk\\\/?s={search_term_string}\"},\"query-input\":{\"@type\":\"PropertyValueSpecification\",\"valueRequired\":true,\"valueName\":\"search_term_string\"}}],\"inLanguage\":\"sk-SK\"}]}<\/script>\n<!-- \/ Yoast SEO plugin. -->","yoast_head_json":{"title":"Ak\u010dn\u00e1 ponuka talianskeho supermarketu - Cortelazzi","description":"Ak\u010dn\u00e1 ponuka talianskeho supermarketu.","robots":{"index":"index","follow":"follow","max-snippet":"max-snippet:-1","max-image-preview":"max-image-preview:large","max-video-preview":"max-video-preview:-1"},"canonical":"https:\/\/cortelazzi.sk\/promozioni-italian-supermarket\/","og_locale":"sk_SK","og_type":"article","og_title":"Ak\u010dn\u00e1 ponuka talianskeho supermarketu - Cortelazzi","og_description":"Ak\u010dn\u00e1 ponuka talianskeho supermarketu.","og_url":"https:\/\/cortelazzi.sk\/promozioni-italian-supermarket\/","og_site_name":"Cortelazzi","article_modified_time":"2025-01-22T15:41:44+00:00","og_image":[{"width":1920,"height":950,"url":"https:\/\/cortelazzi.sk\/wp-content\/uploads\/2024\/08\/Ristorante_Header-1.jpg","type":"image\/jpeg"}],"twitter_card":"summary_large_image","twitter_misc":{"Predpokladan\u00fd \u010das \u010d\u00edtania":"1 min\u00fata"},"schema":{"@context":"https:\/\/schema.org","@graph":[{"@type":"WebPage","@id":"https:\/\/cortelazzi.sk\/promozioni-italian-supermarket\/","url":"https:\/\/cortelazzi.sk\/promozioni-italian-supermarket\/","name":"Ak\u010dn\u00e1 ponuka talianskeho supermarketu - Cortelazzi","isPartOf":{"@id":"https:\/\/cortelazzi.sk\/#website"},"primaryImageOfPage":{"@id":"https:\/\/cortelazzi.sk\/promozioni-italian-supermarket\/#primaryimage"},"image":{"@id":"https:\/\/cortelazzi.sk\/promozioni-italian-supermarket\/#primaryimage"},"thumbnailUrl":"https:\/\/cortelazzi.sk\/wp-content\/uploads\/2024\/08\/Ristorante_Header-1.jpg","datePublished":"2024-09-16T15:25:40+00:00","dateModified":"2025-01-22T15:41:44+00:00","description":"Ak\u010dn\u00e1 ponuka talianskeho supermarketu.","breadcrumb":{"@id":"https:\/\/cortelazzi.sk\/promozioni-italian-supermarket\/#breadcrumb"},"inLanguage":"sk-SK","potentialAction":[{"@type":"ReadAction","target":["https:\/\/cortelazzi.sk\/promozioni-italian-supermarket\/"]}]},{"@type":"ImageObject","inLanguage":"sk-SK","@id":"https:\/\/cortelazzi.sk\/promozioni-italian-supermarket\/#primaryimage","url":"https:\/\/cortelazzi.sk\/wp-content\/uploads\/2024\/08\/Ristorante_Header-1.jpg","contentUrl":"https:\/\/cortelazzi.sk\/wp-content\/uploads\/2024\/08\/Ristorante_Header-1.jpg","width":1920,"height":950,"caption":"Ristorante italiano"},{"@type":"BreadcrumbList","@id":"https:\/\/cortelazzi.sk\/promozioni-italian-supermarket\/#breadcrumb","itemListElement":[{"@type":"ListItem","position":1,"name":"Home","item":"https:\/\/cortelazzi.sk\/sk\/"},{"@type":"ListItem","position":2,"name":"Ak\u010dn\u00e1 ponuka talianskeho supermarketu"}]},{"@type":"WebSite","@id":"https:\/\/cortelazzi.sk\/#website","url":"https:\/\/cortelazzi.sk\/","name":"Cortelazzi","description":"Food service","potentialAction":[{"@type":"SearchAction","target":{"@type":"EntryPoint","urlTemplate":"https:\/\/cortelazzi.sk\/?s={search_term_string}"},"query-input":{"@type":"PropertyValueSpecification","valueRequired":true,"valueName":"search_term_string"}}],"inLanguage":"sk-SK"}]}},"_links":{"self":[{"href":"https:\/\/cortelazzi.sk\/sk\/wp-json\/wp\/v2\/pages\/11929","targetHints":{"allow":["GET"]}}],"collection":[{"href":"https:\/\/cortelazzi.sk\/sk\/wp-json\/wp\/v2\/pages"}],"about":[{"href":"https:\/\/cortelazzi.sk\/sk\/wp-json\/wp\/v2\/types\/page"}],"author":[{"embeddable":true,"href":"https:\/\/cortelazzi.sk\/sk\/wp-json\/wp\/v2\/users\/1"}],"replies":[{"embeddable":true,"href":"https:\/\/cortelazzi.sk\/sk\/wp-json\/wp\/v2\/comments?post=11929"}],"version-history":[{"count":44,"href":"https:\/\/cortelazzi.sk\/sk\/wp-json\/wp\/v2\/pages\/11929\/revisions"}],"predecessor-version":[{"id":16129,"href":"https:\/\/cortelazzi.sk\/sk\/wp-json\/wp\/v2\/pages\/11929\/revisions\/16129"}],"wp:featuredmedia":[{"embeddable":true,"href":"https:\/\/cortelazzi.sk\/sk\/wp-json\/wp\/v2\/media\/11146"}],"wp:attachment":[{"href":"https:\/\/cortelazzi.sk\/sk\/wp-json\/wp\/v2\/media?parent=11929"}],"curies":[{"name":"wp","href":"https:\/\/api.w.org\/{rel}","templated":true}]}}